{"id":956,"date":"2025-11-18T10:17:02","date_gmt":"2025-11-18T09:17:02","guid":{"rendered":"https:\/\/jnrvaper.fr\/?post_type=product&#038;p=956"},"modified":"2026-01-26T11:17:21","modified_gmt":"2026-01-26T10:17:21","slug":"kiwi-watermelon-ice-jnr-mega-box-pro-50000","status":"publish","type":"product","link":"https:\/\/jnrvaper.fr\/de\/produkt\/kiwi-watermelon-ice-jnr-mega-box-pro-50000\/","title":{"rendered":"Kiwi Wassermelone Eis JNR Mega Box Pro 50000 Exotische und eisige Fusion"},"content":{"rendered":"<h2>\ud83e\udd5d Erfrischendes Duo: Entdecken Sie den JNR Mega Box Pro 50000 Geschmack Kiwi Watermelon Ice<\/h2>\n<p data-path-to-node=\"2\">Le <b>Kiwi Wassermelone Eis<\/b> du <a href=\"https:\/\/jnrvaper.fr\/de\/product-category\/jnr-mega-box-pro-50000-vape\/\"><b>JNR Mega Box Pro 50000<\/b><\/a> ist eine exotische und eisige Fusion von Geschm\u00e4ckern. Diese k\u00fchne Mischung kombiniert die saftige und erfrischende S\u00fc\u00dfe der Wassermelone mit der s\u00e4uerlichen und leicht tropischen Note der Kiwi. Das Ganze wird von einer intensiven Welle von Menthol gekr\u00f6nt, was ein ultra-erfrischendes und fruchtiges Dampferlebnis schafft. Es ist die ideale Wahl f\u00fcr diejenigen, die einen komplexen, lebendigen und perfekt ausbalancierten Geschmack zwischen der S\u00fc\u00dfe der Melone und der Sch\u00e4rfe der Kiwi suchen, mit einem eisigen Finish, das angenehm im Mund verweilt, exklusiv erh\u00e4ltlich auf <a href=\"https:\/\/jnrvaper.fr\/de\/\"><b>jnrvaper.fr<\/b><\/a>.<\/p>\n<p data-path-to-node=\"3\">Le <b>JNR Mega Box Pro 50000<\/b> repr\u00e4sentiert den H\u00f6hepunkt der Innovation in der Welt der wiederaufladbaren Einweg-Vapes. Entwickelt f\u00fcr anspruchsvolle Dampfer, vereint es eine gigantische Kapazit\u00e4t mit intelligenten Funktionen, alles verpackt in einem ergonomischen Design. Mit diesem Ger\u00e4t dampfen Sie nicht nur; Sie investieren in ein beispielloses Erlebnis, das durch Haltbarkeit, Leistung und volle Kontrolle gekennzeichnet ist.<br \/>\n<img decoding=\"async\" class=\"alignnone wp-image-949 size-full\" loading=\"lazy\" src=\"https:\/\/jnrvaper.fr\/wp-content\/uploads\/2025\/11\/2025.07.09_JNR_MEGA-BOX-PRO_1.jpg\" alt=\"\" width=\"1920\" height=\"1080\" srcset=\"https:\/\/jnrvaper.fr\/wp-content\/uploads\/2025\/11\/2025.07.09_JNR_MEGA-BOX-PRO_1.jpg 1920w, https:\/\/jnrvaper.fr\/wp-content\/uploads\/2025\/11\/2025.07.09_JNR_MEGA-BOX-PRO_1-600x338.jpg 600w, https:\/\/jnrvaper.fr\/wp-content\/uploads\/2025\/11\/2025.07.09_JNR_MEGA-BOX-PRO_1-300x169.jpg 300w, https:\/\/jnrvaper.fr\/wp-content\/uploads\/2025\/11\/2025.07.09_JNR_MEGA-BOX-PRO_1-1024x576.jpg 1024w, https:\/\/jnrvaper.fr\/wp-content\/uploads\/2025\/11\/2025.07.09_JNR_MEGA-BOX-PRO_1-768x432.jpg 768w, https:\/\/jnrvaper.fr\/wp-content\/uploads\/2025\/11\/2025.07.09_JNR_MEGA-BOX-PRO_1-1536x864.jpg 1536w\" sizes=\"auto, (max-width: 1920px) 100vw, 1920px\" \/><\/p>\n<h3><b>Un\u00fcbertroffene Haltbarkeit: Bis zu 50 000 Z\u00fcge<\/b><\/h3>\n<p data-path-to-node=\"5\">Le <b>JNR Mega Box Pro 50000<\/b> definiert die Langlebigkeit von Vapes neu. Mit einer erstaunlichen Kapazit\u00e4t von <b>bis zu 50 000 Z\u00fcgen<\/b>, \u00fcbertrifft es seine Konkurrenten bei weitem. Diese un\u00fcbertroffene Autonomie ist ideal f\u00fcr starke Dampfer oder f\u00fcr diejenigen, die auf eine l\u00e4ngere Reise gehen, und garantiert wochenlang ununterbrochenes Dampfen, ohne sich um den Austausch k\u00fcmmern zu m\u00fcssen. Es ist die ultimative L\u00f6sung f\u00fcr Bequemlichkeit und Wirtschaftlichkeit.<\/p>\n<h3><b>Massiver Tank: 32 ml E-Liquid<\/b><\/h3>\n<p data-path-to-node=\"7\">Schluss mit st\u00e4ndigen Nachf\u00fcllungen! Der riesige Tank von <b>32 ml<\/b> vorgef\u00fcllt sorgt f\u00fcr eine reichliche Versorgung mit E-Liquid, um die 50 000 Z\u00fcge zu begleiten. Dieses gro\u00dfe Volumen erm\u00f6glicht es Ihnen, sich ausschlie\u00dflich auf den Genuss Ihres Lieblingsgeschmacks zu konzentrieren, ohne die Belastung durch h\u00e4ufige Handhabungen. <b>Kiwi Wassermelone Eis<\/b> Robuste Wiederaufladbare Batterie: 850 mAh.<\/p>\n<h3><b>Angetrieben von einer leistungsstarken wiederaufladbaren Batterie von<\/b><\/h3>\n<p data-path-to-node=\"9\">, garantiert der JNR Mega Box Pro 50000 eine zuverl\u00e4ssige Energieversorgung w\u00e4hrend seiner gesamten Lebensdauer. Die Wiederaufladbarkeit der Batterie erweitert seine Nutzung erheblich \u00fcber Einwegger\u00e4te hinaus und bietet \u00f6kologische <b>850 mAh<\/b>, le JNR Mega Box Pro 50000 garantit une \u00e9nergie fiable tout au long de sa dur\u00e9e de vie. Le caract\u00e8re rechargeable de la batterie \u00e9tend consid\u00e9rablement son utilisation au-del\u00e0 des dispositifs \u00e0 usage unique, offrant des avantages <b>Vorteile f\u00fcr t\u00e4gliche Dampfer.<\/b> et <b>Schnelles und Universelles Laden: Typ-C-Anschluss<\/b> Dank seines modernen Ladeanschlusses.<\/p>\n<h3><b>unterst\u00fctzt das Ger\u00e4t ein schnelles und effizientes Aufladen. Dieser universelle Standard erleichtert die Stromversorgung des Ger\u00e4ts mit g\u00e4ngigen Kabeln und minimiert die Ausfallzeit w\u00e4hrend Ihres gesch\u00e4ftigen Tages.<\/b><\/h3>\n<p data-path-to-node=\"11\">Anpassung des Nikotingehalts: 2%, 5% <b>Typ-C<\/b>, Egal, ob Sie Ihren Nikotinkonsum reduzieren oder einen st\u00e4rkeren Hit erzielen m\u00f6chten, der.<\/p>\n<h3><b>bietet volle Flexibilit\u00e4t. W\u00e4hlen Sie aus den Nikotingehalten von<\/b><\/h3>\n<p data-path-to-node=\"13\">2% oder 5% <b>JNR Mega Box Pro 50000<\/b> , um das Erlebnis perfekt an Ihre pers\u00f6nlichen Vorlieben und Bed\u00fcrfnisse anzupassen. <b>Optimaler Geschmack: Dual Mesh Coil Technologie<\/b> Das Geheimnis der Geschmacksreinheit liegt im fortschrittlichen Design der <b>Kiwi Wassermelone Eis<\/b> (doppelte Mesh-Spule). Diese Technologie sorgt f\u00fcr eine sanfte und gleichm\u00e4\u00dfige Erw\u00e4rmung f\u00fcr eine \u00fcberlegene Dampfproduktion und maximale Geschmacksintensit\u00e4t. Jeder Zug des.<\/p>\n<h3><b>ist garantiert reichhaltig, konstant und k\u00f6stlich.<\/b><\/h3>\n<p data-path-to-node=\"15\">Volle Kontrolle: Intelligentes Display (Intelligent Display) <b>Dual Mesh Coil<\/b> Das intuitive intelligente Display ist Ihr pers\u00f6nliches Dashboard. Es zeigt die wesentlichen Informationen an, wie den Batteriestatus und die verbleibende Anzahl der Z\u00fcge. Diese Funktion erm\u00f6glicht es Ihnen, informiert zu bleiben und Ihre Nutzung effizient zu verwalten, was Ihrer Dampfroutine eine Schicht von Bequemlichkeit und Modernit\u00e4t hinzuf\u00fcgt. <b>Kiwi Wassermelone Eis<\/b> \u2753 FAQ zum JNR Mega Box Pro 50000.<\/p>\n<h3><b>1. Wie lange h\u00e4lt der JNR Mega Box Pro 50000 im Durchschnitt?<\/b><\/h3>\n<p data-path-to-node=\"17\">Das Ger\u00e4t ist so konzipiert, dass es bis zu.<\/p>\n<h3>. Die tats\u00e4chliche Dauer h\u00e4ngt von Ihrem individuellen Dampfstil ab (H\u00e4ufigkeit und Dauer der Z\u00fcge).<\/h3>\n<p><b>2. Wie kann ich wissen, wann ich die Batterie aufladen muss?<\/b>L\u2019appareil est con\u00e7u pour offrir jusqu\u2019\u00e0 <b>50 000 Z\u00fcgen<\/b>. Intelligent Display.<\/p>\n<p><b>(intelligentes Display) zeigt Ihnen klar den Ladezustand der Batterie an, sodass Sie genau wissen, wann Sie den Anschluss verwenden m\u00fcssen<\/b>um sie aufzuladen.\u2019<b>3. Ist der JNR Mega Box Pro 50000 wiederverwendbar?<\/b> Es ist ein \u201ewiederaufladbares Einwegger\u00e4t\u201c. Obwohl die Batterie wiederaufladbar ist, wird das Ger\u00e4t entsorgt, sobald der Tank von <b>Typ-C<\/b> E-Liquid leer ist.<\/p>\n<p><b>4. Was ist der Vorteil der Dual Mesh Coil f\u00fcr den Geschmack Kiwi Watermelon Ice?<\/b>sorgt f\u00fcr eine effizientere und gleichm\u00e4\u00dfigere Verdampfung des E-Liquids, was zu einem reicheren, reineren und konsistenteren Geschmack von Anfang bis Ende f\u00fchrt. <b>32 ml<\/b> 5. Wo kann ich dieses Modell mit Vertrauen kaufen?.<\/p>\n<p><b>Sie k\u00f6nnen das Original<\/b>Le <b>Dual Mesh Coil<\/b> assure une vaporisation plus efficace et homog\u00e8ne de l\u2019e-liquide, ce qui se traduit par une saveur <b>Kiwi Wassermelone Eis<\/b> und andere JNR-Geschm\u00e4cker auf unserer offiziellen Website kaufen.<\/p>\n<p><b>\ud83d\uded2 Warten Sie nicht l\u00e4nger, bestellen Sie Ihr JNR-Erlebnis!<\/b>ist weit mehr als nur ein Vape; es ist eine Investition in Qualit\u00e4t, Haltbarkeit und au\u00dfergew\u00f6hnlichen Geschmack. Dank seiner Kapazit\u00e4t von <b>JNR Mega Box Pro 50000<\/b> und seinem Tank von <b>Kiwi Wassermelone Eis<\/b> et d\u2019autres saveurs JNR sur notre site officiel <b>jnrvaper.fr<\/b>.<\/p>\n<h3><b>\ud83d\uded2 N\u2019attendez Plus, Commandez Votre Exp\u00e9rience JNR !<\/b><\/h3>\n<p data-path-to-node=\"30\">Le <b>JNR Mega Box Pro 50000<\/b> und seinem Tank von <b>Kiwi Wassermelone Eis<\/b> est bien plus qu\u2019une simple vape ; c\u2019est un investissement dans la qualit\u00e9, la durabilit\u00e9 et une saveur exceptionnelle. Gr\u00e2ce \u00e0 sa capacit\u00e9 de <b>50 000 Z\u00fcgen<\/b> et son r\u00e9servoir de <b>32 ml<\/b>, es beseitigt die M\u00fchen und maximiert das Vergn\u00fcgen. Verpassen Sie nicht dieses revolution\u00e4re Dampferlebnis. Besuchen Sie noch heute <b>jnrvaper.fr<\/b> um dieses Wunder zu Ihrer Sammlung hinzuzuf\u00fcgen und die Exzellenz zu kosten!<\/p>","protected":false},"excerpt":{"rendered":"<p>Le <b>JNR Mega Box Pro 50000<\/b> definiert das Langzeitdampfen neu auf <b>jnrvaper.fr<\/b>. Es bietet eine Rekordkapazit\u00e4t von <b>50 000 Z\u00fcgen<\/b> (32 ml), optimiert durch die <b>Dual Mesh Coil<\/b> und eine wiederaufladbare 850 mAh Batterie (Typ-C). Sein intelligentes Display gibt Ihnen die volle Kontrolle. Probieren Sie den explosiven Geschmack <strong>Kiwi Wassermelone Eis<\/strong>\u00a0und bestellen Sie noch heute!<\/p>","protected":false},"featured_media":958,"comment_status":"open","ping_status":"closed","template":"","meta":[],"product_brand":[],"product_cat":[140,102],"product_tag":[],"class_list":{"0":"post-956","1":"product","2":"type-product","3":"status-publish","4":"has-post-thumbnail","6":"product_cat-jnr-mega-box-pro-50000-vape","7":"product_cat-kiwi-watermelon-ice","9":"first","10":"instock","11":"shipping-taxable","12":"purchasable","13":"product-type-variable"},"_links":{"self":[{"href":"https:\/\/jnrvaper.fr\/de\/wp-json\/wp\/v2\/product\/956","targetHints":{"allow":["GET"]}}],"collection":[{"href":"https:\/\/jnrvaper.fr\/de\/wp-json\/wp\/v2\/product"}],"about":[{"href":"https:\/\/jnrvaper.fr\/de\/wp-json\/wp\/v2\/types\/product"}],"replies":[{"embeddable":true,"href":"https:\/\/jnrvaper.fr\/de\/wp-json\/wp\/v2\/comments?post=956"}],"wp:featuredmedia":[{"embeddable":true,"href":"https:\/\/jnrvaper.fr\/de\/wp-json\/wp\/v2\/media\/958"}],"wp:attachment":[{"href":"https:\/\/jnrvaper.fr\/de\/wp-json\/wp\/v2\/media?parent=956"}],"wp:term":[{"taxonomy":"product_brand","embeddable":true,"href":"https:\/\/jnrvaper.fr\/de\/wp-json\/wp\/v2\/product_brand?post=956"},{"taxonomy":"product_cat","embeddable":true,"href":"https:\/\/jnrvaper.fr\/de\/wp-json\/wp\/v2\/product_cat?post=956"},{"taxonomy":"product_tag","embeddable":true,"href":"https:\/\/jnrvaper.fr\/de\/wp-json\/wp\/v2\/product_tag?post=956"}],"curies":[{"name":"wp","href":"https:\/\/api.w.org\/{rel}","templated":true}]}}