{"id":919,"date":"2025-11-18T09:20:33","date_gmt":"2025-11-18T08:20:33","guid":{"rendered":"https:\/\/jnrvaper.fr\/?post_type=product&#038;p=919"},"modified":"2026-01-26T09:13:20","modified_gmt":"2026-01-26T08:13:20","slug":"cherry-strawberry-raspberry-jnr-media-max-40000-vape","status":"publish","type":"product","link":"https:\/\/jnrvaper.fr\/de\/produkt\/cherry-strawberry-raspberry-jnr-media-max-40000-vape\/","title":{"rendered":"Cherry Strawberry Raspberry JNR Media Max 40000 M\u00e4chtige Fruchtige Vape"},"content":{"rendered":"<h2>\ud83c\udf52\u2728 Eine Explosion von Beeren mit <strong>Kirsche Erdbeere Himbeere<\/strong> auf dem <strong>JNR Media Max 40000<\/strong><\/h2>\n<p>Entdecken Sie die perfekte Kombination aus drei ikonischen roten Fr\u00fcchten: die <strong>Kirsche<\/strong> s\u00fc\u00dfe, die <strong>Erdbeere<\/strong> saftige und die <strong>Himbeere<\/strong> leicht s\u00e4uerliche. Jeder Zug versetzt Sie in einen wilden Beerengarten und bietet einen reichen, ausgewogenen und tief fruchtigen Geschmack, der die Geschmacksnerven von Frucht-Vape-Liebhabern erfreut.<\/p>\n<h3>\ud83d\udd0b Au\u00dfergew\u00f6hnliche Leistung &amp; Rekord-Autonomie<\/h3>\n<p>Le <strong>JNR Media Max 40000<\/strong> ist weit mehr als ein einfaches Einwegger\u00e4t: Es bietet bis zu <strong>40.000 Z\u00fcge<\/strong> dank seiner wiederaufladbaren Batterie von <strong>1000 mAh<\/strong> und seiner E-Liquid-Kapazit\u00e4t von <strong>21 ml<\/strong>, weit \u00fcber den meisten klassischen Einweg-Vapes. Diese Kombination garantiert ein verl\u00e4ngertes Erlebnis ohne Kompromisse bei der Geschmacksintensit\u00e4t. Je nach Ihren Vorlieben kann der Akku schnell \u00fcber USB-C aufgeladen werden, um im Handumdrehen wieder zu vapen. &gt; **JNR MediaMax 40k Vape Review und Expertenleitfaden | Vapesourcing und ist nur f\u00fcr Erwachsene bestimmt. Verwenden Sie es verantwortungsbewusst, halten Sie es von Kindern und Tieren fern und versuchen Sie nicht, das Ger\u00e4t zu zerlegen. Wenn Sie sich unwohl f\u00fchlen, stoppen Sie sofort und konsultieren Sie einen Gesundheitsfachmann.<\/p>\n<h3>\u2753 Schnelle FAQ<\/h3>\n<p><strong>F: Wie lange h\u00e4lt der Akku?<\/strong><br \/>A: Der wiederaufladbare Akku von <strong>1000 mAh<\/strong> ist darauf ausgelegt, bis zum Ende des E-Liquids von <strong>21 ml<\/strong>, zu halten, mit stabiler Leistung bis zum letzten Zug.<\/p>\n<p><strong>F: Welche Nikotinkonzentrationen sind verf\u00fcgbar?<\/strong><br \/>A: Dieses Modell wird mit Nikotinst\u00e4rken von <strong>2 %<\/strong> et <strong>5 %<\/strong> um sich Ihren Bed\u00fcrfnissen anzupassen.<\/p>\n<p><strong>F: Ist es einfach f\u00fcr Anf\u00e4nger zu verwenden?<\/strong><br \/>A: Ja, die Aktivierung erfolgt durch Inhalation und die Touch-Oberfl\u00e4che f\u00fchrt leicht durch die Einstellungen.<\/p>","protected":false},"excerpt":{"rendered":"<p>Genie\u00dfen Sie die intensive Verbindung von Kirsche, Erdbeere und Himbeere mit dem JNR Media Max 40000. Innovativer Einweg-Vape, der bis zu 40.000 Z\u00fcge bietet, HD-Bildschirm, vernetzte Funktionen und wiederaufladbare Batterie f\u00fcr ein langanhaltendes fruchtiges Erlebnis.<\/p>","protected":false},"featured_media":921,"comment_status":"open","ping_status":"closed","template":"","meta":[],"product_brand":[],"product_cat":[134,138],"product_tag":[],"class_list":{"0":"post-919","1":"product","2":"type-product","3":"status-publish","4":"has-post-thumbnail","6":"product_cat-jnr-media-max-40000-vape","7":"product_cat-cherry-strawberry-raspberry","9":"first","10":"instock","11":"shipping-taxable","12":"purchasable","13":"product-type-variable"},"_links":{"self":[{"href":"https:\/\/jnrvaper.fr\/de\/wp-json\/wp\/v2\/product\/919","targetHints":{"allow":["GET"]}}],"collection":[{"href":"https:\/\/jnrvaper.fr\/de\/wp-json\/wp\/v2\/product"}],"about":[{"href":"https:\/\/jnrvaper.fr\/de\/wp-json\/wp\/v2\/types\/product"}],"replies":[{"embeddable":true,"href":"https:\/\/jnrvaper.fr\/de\/wp-json\/wp\/v2\/comments?post=919"}],"wp:featuredmedia":[{"embeddable":true,"href":"https:\/\/jnrvaper.fr\/de\/wp-json\/wp\/v2\/media\/921"}],"wp:attachment":[{"href":"https:\/\/jnrvaper.fr\/de\/wp-json\/wp\/v2\/media?parent=919"}],"wp:term":[{"taxonomy":"product_brand","embeddable":true,"href":"https:\/\/jnrvaper.fr\/de\/wp-json\/wp\/v2\/product_brand?post=919"},{"taxonomy":"product_cat","embeddable":true,"href":"https:\/\/jnrvaper.fr\/de\/wp-json\/wp\/v2\/product_cat?post=919"},{"taxonomy":"product_tag","embeddable":true,"href":"https:\/\/jnrvaper.fr\/de\/wp-json\/wp\/v2\/product_tag?post=919"}],"curies":[{"name":"wp","href":"https:\/\/api.w.org\/{rel}","templated":true}]}}