{"id":913,"date":"2025-11-18T09:17:13","date_gmt":"2025-11-18T08:17:13","guid":{"rendered":"https:\/\/jnrvaper.fr\/?post_type=product&#038;p=913"},"modified":"2026-01-26T09:14:23","modified_gmt":"2026-01-26T08:14:23","slug":"blueberry-watermelon-jnr-media-max-40000-vape","status":"publish","type":"product","link":"https:\/\/jnrvaper.fr\/de\/produkt\/blueberry-watermelon-jnr-media-max-40000-vape\/","title":{"rendered":"Blueberry Watermelon JNR Media Max 40000 Vape Smart Fruchtiger Geschmack"},"content":{"rendered":"<h2>\ud83e\uded0 Unvergesslicher Fruchtgeschmack: <strong>Blaubeere Wassermelone<\/strong><\/h2>\n<p>Entdecken Sie die perfekte Harmonie zwischen der s\u00fc\u00dfen Reife von Blaubeeren und der saftigen Frische von Wassermelonen in dieser Sonderedition <strong>Blaubeere Wassermelone<\/strong> du <strong>JNR Media Max 40000<\/strong>. Eine reichhaltige und ausgewogene sommerliche Geschmacksexplosion, die jeden Zug verzaubert und Liebhaber intensiver Fruchtaromen begeistert.<\/p>\n<h3>\ud83d\udca1 Eine Revolution\u00e4re Einweg-Vape<\/h3>\n<p>Le <strong>JNR Media Max 40000<\/strong> \u00fcberschreitet die Grenzen traditioneller Einweg-Vapes mit noch nie dagewesenen Innovationen. Ausgestattet mit einem gro\u00dfz\u00fcgigen Tank von <strong>21 ml<\/strong> E-Liquid und einem wiederaufladbaren Akku von <strong>1000 mAh<\/strong>, bietet es bis zu <strong>40.000 Z\u00fcge<\/strong> im Regular- oder <strong>20 000<\/strong> im Pulse-Modus, je nach Ihrem Vape-Stil, f\u00fcr verl\u00e4ngerte Sitzungen ohne Unterbrechung. Sein ergonomisches und leichtes Design macht es ideal f\u00fcr den t\u00e4glichen Transport.<\/p>\n<h3>\ud83d\udcf1 2,4\u2033 HD-Bildschirm &amp; Intelligente Funktionen<\/h3>\n<p>Einer der herausragendsten Vorteile des Media Max ist sein 2,4-Zoll-HD-Touchscreen, <strong>2,4 pouces<\/strong>, qui affiche clairement le nombre de bouff\u00e9es, le niveau de batterie et vous donne acc\u00e8s \u00e0 des fonctions connect\u00e9es innovantes. Gr\u00e2ce \u00e0 la connectivit\u00e9 Bluetooth, vous pouvez recevoir ou passer des appels, envoyer des messages simples et m\u00eame utiliser la fonction <strong>Remote Camera<\/strong> \ud83d\udd0b Fortschrittliche Technologie und Vape-Leistung.<\/p>\n<h3>Ausgestattet mit Dual-Mesh-Coil-Widerst\u00e4nden sorgt der Media Max f\u00fcr eine dichte Dampfproduktion und einen au\u00dfergew\u00f6hnlichen Geschmack. Sie genie\u00dfen einen sanften und befriedigenden Zug (MTL), perfekt, um den ganzen Reichtum der Kombination zu enth\u00fcllen<\/h3>\n<p>. Dar\u00fcber hinaus, obwohl der Luftstrom von Anfang an festgelegt ist, garantiert das clevere Design eine gleichm\u00e4\u00dfige und konstante Inhalation von Anfang bis Ende. <strong>Blaubeere Wassermelone<\/strong>. \ud83d\udccd Praktische Verbundene Funktionen.<\/p>\n<h3>: lokalisieren Sie schnell Ihr Ger\u00e4t oder Ihr Telefon.<\/h3>\n<ul>\n<li><strong>Find Your Phone \/ Vape<\/strong> Bluetooth-Benachrichtigungen.<\/li>\n<li><strong>: sehen Sie eingehende Anrufe und Nachrichten, ohne Ihr Telefon herauszuholen.<\/strong> : machen Sie einfach Gruppenfotos.<\/li>\n<li><strong>Remote Camera<\/strong> \u26a1 Autonomie &amp; Benutzerfreundlichkeit.<\/li>\n<\/ul>\n<h3>Der Media Max ist f\u00fcr Langlebigkeit konzipiert. Sein wiederaufladbarer Type-C-Akku erm\u00f6glicht es Ihnen, seine Funktionen voll auszusch\u00f6pfen und viele Z\u00fcge mit einer einzigen Ladung zu genie\u00dfen. Einfach zu bedienen, selbst Anf\u00e4nger werden seine automatische Aktivierung beim Inhalieren und seine intuitive Benutzeroberfl\u00e4che sch\u00e4tzen.<\/h3>\n<p>Marktmeinungen heben die Originalit\u00e4t dieses Ger\u00e4ts hervor: seine beeindruckende Lebensdauer, die Sanftheit des Zugs sowie die Innovation durch die verbundenen Funktionen begeistern besonders Vaper, die neugierig auf neue Technologien sind und gleichzeitig ein reichhaltiges und angenehmes Vape-Erlebnis beibehalten.<\/p>\n<h3>Das Feedback der Vaper best\u00e4tigt, dass der<\/h3>\n<p>Les avis du march\u00e9 soulignent l\u2019originalit\u00e9 de cet appareil : sa dur\u00e9e de vie impressionnante, la fluidit\u00e9 du tirage, ainsi que l\u2019innovation apport\u00e9e par les fonctionnalit\u00e9s connect\u00e9es s\u00e9duisent particuli\u00e8rement les vapoteurs curieux de technologies nouvelles tout en conservant une exp\u00e9rience de vape riche et agr\u00e9able.<\/p>\n<h3>Dieses Produkt enth\u00e4lt Nikotin (2 % oder 5 %) und ist f\u00fcr erwachsene Raucher bestimmt. Au\u00dferhalb der Reichweite von Kindern und Tieren aufbewahren. Bei Unwohlsein sofort die Nutzung einstellen.<\/h3>\n<p>\ud83e\uded0 Unvergesslicher Fruchtgeschmack: Blueberry Watermelon Entdecken Sie die perfekte Harmonie zwischen der s\u00fc\u00dfen Reife von Blaubeeren und der saftigen Frische von Wassermelonen in...<\/p>","protected":false},"excerpt":{"rendered":"<p>Entdecken Sie das revolution\u00e4re Vape <strong>JNR Media Max 40000<\/strong> im Geschmack <strong>Blaubeere Wassermelone<\/strong> : ein unwiderstehlicher fruchtiger Geschmack, bis zu 40.000 Z\u00fcge, 2,4\u2033 HD-Bildschirm und intelligente Funktionen wie Anrufe, Nachrichten und Fernkamera f\u00fcr ein einzigartiges Erlebnis.<\/p>","protected":false},"featured_media":915,"comment_status":"open","ping_status":"closed","template":"","meta":[],"product_brand":[],"product_cat":[134,136],"product_tag":[],"class_list":{"0":"post-913","1":"product","2":"type-product","3":"status-publish","4":"has-post-thumbnail","6":"product_cat-jnr-media-max-40000-vape","7":"product_cat-blueberry-watermelon","9":"first","10":"instock","11":"shipping-taxable","12":"purchasable","13":"product-type-variable"},"_links":{"self":[{"href":"https:\/\/jnrvaper.fr\/de\/wp-json\/wp\/v2\/product\/913","targetHints":{"allow":["GET"]}}],"collection":[{"href":"https:\/\/jnrvaper.fr\/de\/wp-json\/wp\/v2\/product"}],"about":[{"href":"https:\/\/jnrvaper.fr\/de\/wp-json\/wp\/v2\/types\/product"}],"replies":[{"embeddable":true,"href":"https:\/\/jnrvaper.fr\/de\/wp-json\/wp\/v2\/comments?post=913"}],"wp:featuredmedia":[{"embeddable":true,"href":"https:\/\/jnrvaper.fr\/de\/wp-json\/wp\/v2\/media\/915"}],"wp:attachment":[{"href":"https:\/\/jnrvaper.fr\/de\/wp-json\/wp\/v2\/media?parent=913"}],"wp:term":[{"taxonomy":"product_brand","embeddable":true,"href":"https:\/\/jnrvaper.fr\/de\/wp-json\/wp\/v2\/product_brand?post=913"},{"taxonomy":"product_cat","embeddable":true,"href":"https:\/\/jnrvaper.fr\/de\/wp-json\/wp\/v2\/product_cat?post=913"},{"taxonomy":"product_tag","embeddable":true,"href":"https:\/\/jnrvaper.fr\/de\/wp-json\/wp\/v2\/product_tag?post=913"}],"curies":[{"name":"wp","href":"https:\/\/api.w.org\/{rel}","templated":true}]}}