{"id":904,"date":"2025-11-18T09:10:59","date_gmt":"2025-11-18T08:10:59","guid":{"rendered":"https:\/\/jnrvaper.fr\/?post_type=product&#038;p=904"},"modified":"2026-01-26T09:15:32","modified_gmt":"2026-01-26T08:15:32","slug":"watermelon-ice-jnr-media-max-40000-vape","status":"publish","type":"product","link":"https:\/\/jnrvaper.fr\/de\/produkt\/watermelon-ice-jnr-media-max-40000-vape\/","title":{"rendered":"Watermelon Ice JNR Media Max 40000 Vape \u2013 Menthol-Wassermelonen-Geschmack"},"content":{"rendered":"<h3>\ud83c\udf49 Fruchtige Explosion und Mentholfrische<\/h3>\n<p>Tauchen Sie ein in die erfrischende Welt der <b>Wassermelone Eis<\/b>, ein Geschmack, der die Essenz einer reifen, saftigen und s\u00fc\u00dfen Wassermelone einf\u00e4ngt, veredelt durch einen eisigen mentholhaltigen Touch, der die Sinne weckt. Jeder Zug bietet ein intensives fruchtiges Gef\u00fchl, gefolgt von einem frischen und belebenden Ausatmen, ideal f\u00fcr hei\u00dfe Sommertage oder entspannte Momente.<\/p>\n<h3>\ud83d\udd0b Au\u00dfergew\u00f6hnliche Leistung und Langlebigkeit<\/h3>\n<p>Le <b>JNR Media Max 40000<\/b> ist darauf ausgelegt, lange zu halten. Dank seines wiederaufladbaren Akkus mit <b>1000\u202fmAh<\/b> und seiner vorgef\u00fcllten E-Liquid-Kapazit\u00e4t von <b>21\u202fml<\/b>, k\u00f6nnen Sie bis zu <b>40\u202f000 Z\u00fcge<\/b> im Standardmodus oder ~20\u202f000 im Pulse-Modus genie\u00dfen, und \u00fcbertreffen damit viele klassische Einwegmodelle auf dem Markt. Das schnelle USB-C-Laden minimiert die Wartezeit zwischen zwei Sitzungen und erm\u00f6glicht es Ihnen, ohne Kompromisse zu Ihren Lieblingsgeschm\u00e4ckern zur\u00fcckzukehren. <\/p>\n<h3>\ud83d\udcf1 Intelligente Technologie und Konnektivit\u00e4t<\/h3>\n<p>Einzigartig in seiner Kategorie, integriert dieses Ger\u00e4t einen HD-Touchscreen von <b>2.4<\/p>","protected":false},"excerpt":{"rendered":"<p>Entdecken Sie das JNR Media Max 40000 Watermelon Ice, ein hochwertiges Einweg-Vape, das s\u00fc\u00dfen Wassermelonengeschmack mit frischer Mentholk\u00fchle kombiniert. Mit bis zu 40.000 Z\u00fcgen, einem wiederaufladbaren 1000 mAh Akku und einem 2,4-Zoll-HD-Touchscreen.<\/p>","protected":false},"featured_media":906,"comment_status":"open","ping_status":"closed","template":"","meta":[],"product_brand":[],"product_cat":[134,43],"product_tag":[],"class_list":{"0":"post-904","1":"product","2":"type-product","3":"status-publish","4":"has-post-thumbnail","6":"product_cat-jnr-media-max-40000-vape","7":"product_cat-watermelon-ice","9":"first","10":"instock","11":"shipping-taxable","12":"purchasable","13":"product-type-variable"},"_links":{"self":[{"href":"https:\/\/jnrvaper.fr\/de\/wp-json\/wp\/v2\/product\/904","targetHints":{"allow":["GET"]}}],"collection":[{"href":"https:\/\/jnrvaper.fr\/de\/wp-json\/wp\/v2\/product"}],"about":[{"href":"https:\/\/jnrvaper.fr\/de\/wp-json\/wp\/v2\/types\/product"}],"replies":[{"embeddable":true,"href":"https:\/\/jnrvaper.fr\/de\/wp-json\/wp\/v2\/comments?post=904"}],"wp:featuredmedia":[{"embeddable":true,"href":"https:\/\/jnrvaper.fr\/de\/wp-json\/wp\/v2\/media\/906"}],"wp:attachment":[{"href":"https:\/\/jnrvaper.fr\/de\/wp-json\/wp\/v2\/media?parent=904"}],"wp:term":[{"taxonomy":"product_brand","embeddable":true,"href":"https:\/\/jnrvaper.fr\/de\/wp-json\/wp\/v2\/product_brand?post=904"},{"taxonomy":"product_cat","embeddable":true,"href":"https:\/\/jnrvaper.fr\/de\/wp-json\/wp\/v2\/product_cat?post=904"},{"taxonomy":"product_tag","embeddable":true,"href":"https:\/\/jnrvaper.fr\/de\/wp-json\/wp\/v2\/product_tag?post=904"}],"curies":[{"name":"wp","href":"https:\/\/api.w.org\/{rel}","templated":true}]}}