{"id":893,"date":"2025-11-18T08:39:44","date_gmt":"2025-11-18T07:39:44","guid":{"rendered":"https:\/\/jnrvaper.fr\/?post_type=product&#038;p=893"},"modified":"2026-01-26T11:18:05","modified_gmt":"2026-01-26T10:18:05","slug":"blueberry-raspberry-cherry-jnr-aero-x-32000","status":"publish","type":"product","link":"https:\/\/jnrvaper.fr\/de\/produkt\/blueberry-raspberry-cherry-jnr-aero-x-32000\/","title":{"rendered":"Blaubeere Himbeere Kirsche JNR Aero X 32000 Symphonie und Erdigkeit"},"content":{"rendered":"<h2 data-rm-block-id=\"block-1\">\ud83c\udf47 Das Gourmand-Trio: Der <b>Blueberry Raspberry Cherry JNR Aero X 32000<\/b><\/h2>\n<h3 data-rm-block-id=\"block-2\">\ud83c\udf2c\ufe0f Die Fruchtige Melodie des <b>Blaubeere Himbeere Kirsche<\/b><\/h3>\n<p data-path-to-node=\"5\" data-rm-block-id=\"block-3\">Entdecken Sie ein Meisterwerk der Beerenaromen. Der <b>Blueberry Raspberry Cherry JNR Aero X 32000<\/b> ist eine komplexe Symphonie, in der sich drei rote Fr\u00fcchte perfekt vereinen. Sie finden die leicht s\u00e4uerliche S\u00fc\u00dfe der Blaubeere, die spritzige und saftige Note der Himbeere und die tiefe, s\u00fc\u00dfe Note der Kirsche. Diese Mischung ist reich an Nuancen und bietet bei jedem Zug einen vollst\u00e4ndigen und multidimensionalen Beerengeschmack. Es ist die ideale Mischung f\u00fcr diejenigen, die einen authentischen, intensiven roten Fruchtgeschmack ohne Eis suchen.<\/p>\n<h3 data-rm-block-id=\"block-4\">\ud83d\ude80 Un\u00fcbertroffene Leistung: Der <b>JNR Aero X 32000<\/b> ist da<\/h3>\n<p data-path-to-node=\"7\" data-rm-block-id=\"block-5\">Le <b>JNR Aero X 32000<\/b> ist der neue Ma\u00dfstab in Sachen Langlebigkeit und Leistung. Vergessen Sie h\u00e4ufiges Nachf\u00fcllen. Dank seines innovativen Designs, das <b>2 Nachf\u00fcllungen<\/b> in einem einzigen Ger\u00e4t integriert, verspricht dieses Ger\u00e4t bis zu <b>32000 Z\u00fcge<\/b> ununterbrochenes Vergn\u00fcgen. Es ist die langlebigste Investition f\u00fcr anspruchsvolle Dampfer. Entdecken Sie dieses revolution\u00e4re Modell und viele andere auf Ihrer Referenzseite, <a href=\"https:\/\/jnrvaper.fr\/de\/\"><b>jnrvaper.fr<\/b><\/a>.<br \/>\n<img decoding=\"async\" class=\"alignnone wp-image-862 size-full\" loading=\"lazy\" src=\"https:\/\/jnrvaper.fr\/wp-content\/uploads\/2025\/11\/1.jpg\" alt=\"\" width=\"1920\" height=\"1080\" srcset=\"https:\/\/jnrvaper.fr\/wp-content\/uploads\/2025\/11\/1.jpg 1920w, https:\/\/jnrvaper.fr\/wp-content\/uploads\/2025\/11\/1-600x338.jpg 600w, https:\/\/jnrvaper.fr\/wp-content\/uploads\/2025\/11\/1-300x169.jpg 300w, https:\/\/jnrvaper.fr\/wp-content\/uploads\/2025\/11\/1-1024x576.jpg 1024w, https:\/\/jnrvaper.fr\/wp-content\/uploads\/2025\/11\/1-768x432.jpg 768w, https:\/\/jnrvaper.fr\/wp-content\/uploads\/2025\/11\/1-1536x864.jpg 1536w\" sizes=\"auto, (max-width: 1920px) 100vw, 1920px\" \/><\/p>\n<h3 data-rm-block-id=\"block-6\">\ud83d\udcaa Fortschrittliche Technologie f\u00fcr konstante Dampfqualit\u00e4t<\/h3>\n<p data-path-to-node=\"9\" data-rm-block-id=\"block-7\">Hinter der Leistung des <b>JNR Aero X 32000<\/b> verbirgt sich fortschrittliche Ingenieurskunst. Es ist mit einem <b>Dual Mesh Coil<\/b> ausgestattet, das eine gleichm\u00e4\u00dfige Erw\u00e4rmung garantiert und die Geschmackswiedergabe <b>Blaubeere Himbeere Kirsche<\/b> bei jedem Zug maximiert. Dar\u00fcber hinaus sorgt sein <b>850mAh Batteriekapazit\u00e4t<\/b> nicht nur f\u00fcr eine lange Laufzeit, sondern wird auch durch die Funktion <b>Typ-C Schnellladeanschluss<\/b>, optimiert, wodurch die Wartezeit zwischen den Dampf-Sessions minimiert wird.<\/p>\n<h3 data-rm-block-id=\"block-8\">\ud83c\udf1f Was den <b>JNR Aero X 32000<\/b> von anderen 32000 Z\u00fcgen unterscheidet<\/h3>\n<p data-path-to-node=\"11\" data-rm-block-id=\"block-9\">Auf dem Markt f\u00fcr ultra-lange Vapes (32000 Z\u00fcge) hebt sich der <b>JNR Aero X 32000<\/b> deutlich ab. Er ist nicht nur leistungsstark, sondern auch <b>intelligent<\/b>. Sein <b>Batteriekapazit\u00e4tsanzeige<\/b> gibt Ihnen eine pr\u00e4zise Kontrolle \u00fcber die verbleibende Laufzeit, eine wesentliche Funktion, die seinen Konkurrenten oft fehlt. Dar\u00fcber hinaus bietet sein Design <b>Nachf\u00fcllbare Pod-Vape<\/b> und sein System <b>Verstecktes Dual-Laden<\/b> unvergleichliche Flexibilit\u00e4t und Diskretion. Der\u2019<b>Einstellbarer Luftstrom<\/b> erm\u00f6glicht es auch, Ihren Zug zu personalisieren, von eng bis sehr luftig, was f\u00fcr ein Ger\u00e4t dieser Leistungsklasse selten ist.<\/p>\n<h3 data-rm-block-id=\"block-10\">\u2705 Wesentliche Merkmale des <b>JNR Aero X 32000<\/b><\/h3>\n<p data-path-to-node=\"13\" data-rm-block-id=\"block-11\">Hier ist eine Zusammenfassung der wichtigsten Punkte, die dieses Ger\u00e4t zu einem Muss machen:<\/p>\n<ul data-path-to-node=\"14\">\n<li>\n<p data-path-to-node=\"14,0,0\" data-rm-block-id=\"block-12\"><b>Leistung und Langlebigkeit:<\/b> 2 Nachf\u00fcllungen &amp; <b>32000 Z\u00fcge<\/b> f\u00fcr verl\u00e4ngerte Nutzung.<\/p>\n<\/li>\n<li>\n<p data-path-to-node=\"14,1,0\" data-rm-block-id=\"block-13\"><b>Dampfqualit\u00e4t:<\/b> <b>Dual Mesh Coil<\/b> f\u00fcr einen <b>Blaubeere Himbeere Kirsche<\/b> reichen und konstanten Geschmack.<\/p>\n<\/li>\n<li>\n<p data-path-to-node=\"14,2,0\" data-rm-block-id=\"block-14\"><b>Nikotingehalt:<\/b> Eine ausgewogene Dosierung bei <b>2% Nikotin<\/b> f\u00fcr optimale Zufriedenheit.<\/p>\n<\/li>\n<li>\n<p data-path-to-node=\"14,3,0\" data-rm-block-id=\"block-15\"><b>Aufladen und Laufzeit:<\/b> Gro\u00dfe <b>850mAh Batteriekapazit\u00e4t<\/b> mit <b>Typ-C Schnellladeanschluss<\/b>.<\/p>\n<\/li>\n<li>\n<p data-path-to-node=\"14,4,0\" data-rm-block-id=\"block-16\"><b>Benutzerkontrolle:<\/b> <b>Batteriekapazit\u00e4tsanzeige<\/b> et <b>Einstellbarer Luftstrom<\/b> f\u00fcr ein ma\u00dfgeschneidertes Erlebnis.<\/p>\n<\/li>\n<li>\n<p data-path-to-node=\"14,5,0\" data-rm-block-id=\"block-17\"><b>Innovation:<\/b> <b>Nachf\u00fcllbare Pod-Vape<\/b> et <b>Magnetische Verbindung<\/b> f\u00fcr eine maximale Benutzerfreundlichkeit.<\/p>\n<\/li>\n<\/ul>\n<h3 data-rm-block-id=\"block-18\">\u267b\ufe0f Verantwortungsvolle Verwaltung und Recycling Ihres Ger\u00e4ts<\/h3>\n<p data-path-to-node=\"16\" data-rm-block-id=\"block-19\">Sobald Sie das Ger\u00e4t vollst\u00e4ndig genutzt haben, <b>32000 Z\u00fcge<\/b> du <b>JNR Aero X 32000<\/b>, ist es entscheidend, an das Lebensende des Ger\u00e4ts zu denken. <b>NICHT<\/b> das Ger\u00e4t in den normalen Hausm\u00fcll werfen. Als elektronisches Ger\u00e4t enth\u00e4lt es eine Batterie (Lithium-Ionen), die ordnungsgem\u00e4\u00df behandelt werden muss. <b>Nutzen Sie<\/b> die spezialisierten Sammelstellen f\u00fcr Elektroschrott (WEEE) oder die Recyclingstationen f\u00fcr Batterien, die in Superm\u00e4rkten verf\u00fcgbar sind. So wird sichergestellt, dass die Komponenten recycelt werden k\u00f6nnen und die Umweltbelastung Ihrer Vape reduziert wird.<\/p>","protected":false},"excerpt":{"rendered":"<p>Le <b>JNR Aero X 32000<\/b> ist das langlebigste Pod-Modell auf <b>jnrvaper.fr<\/b>. Dieses Ger\u00e4t <strong>Blaubeere Himbeere Kirsche<\/strong><b> JNR Aero X 32000<\/b> liefert bis zu <b>32000 Z\u00fcge<\/b> (2 Nachf\u00fcllungen) mit <b>2% Nikotin<\/b>. Es integriert die Technologie <b>Dual Mesh Coil<\/b>, eine Batterie von <b>850mAh Batteriekapazit\u00e4t<\/b>, ein <b>Batteriekapazit\u00e4tsanzeige<\/b> und einen <b>Typ-C Schnellladeanschluss<\/b>. Maximale Leistung und Laufzeit garantiert.<\/p>","protected":false},"featured_media":895,"comment_status":"open","ping_status":"closed","template":"","meta":[],"product_brand":[],"product_cat":[133,78],"product_tag":[],"class_list":{"0":"post-893","1":"product","2":"type-product","3":"status-publish","4":"has-post-thumbnail","6":"product_cat-jnr-aero-x-32000-vape","7":"product_cat-blueberry-raspberry-cherry","9":"first","10":"instock","11":"shipping-taxable","12":"purchasable","13":"product-type-variable"},"_links":{"self":[{"href":"https:\/\/jnrvaper.fr\/de\/wp-json\/wp\/v2\/product\/893","targetHints":{"allow":["GET"]}}],"collection":[{"href":"https:\/\/jnrvaper.fr\/de\/wp-json\/wp\/v2\/product"}],"about":[{"href":"https:\/\/jnrvaper.fr\/de\/wp-json\/wp\/v2\/types\/product"}],"replies":[{"embeddable":true,"href":"https:\/\/jnrvaper.fr\/de\/wp-json\/wp\/v2\/comments?post=893"}],"wp:featuredmedia":[{"embeddable":true,"href":"https:\/\/jnrvaper.fr\/de\/wp-json\/wp\/v2\/media\/895"}],"wp:attachment":[{"href":"https:\/\/jnrvaper.fr\/de\/wp-json\/wp\/v2\/media?parent=893"}],"wp:term":[{"taxonomy":"product_brand","embeddable":true,"href":"https:\/\/jnrvaper.fr\/de\/wp-json\/wp\/v2\/product_brand?post=893"},{"taxonomy":"product_cat","embeddable":true,"href":"https:\/\/jnrvaper.fr\/de\/wp-json\/wp\/v2\/product_cat?post=893"},{"taxonomy":"product_tag","embeddable":true,"href":"https:\/\/jnrvaper.fr\/de\/wp-json\/wp\/v2\/product_tag?post=893"}],"curies":[{"name":"wp","href":"https:\/\/api.w.org\/{rel}","templated":true}]}}