{"id":840,"date":"2025-11-18T07:32:35","date_gmt":"2025-11-18T06:32:35","guid":{"rendered":"https:\/\/jnrvaper.fr\/?post_type=product&#038;p=840"},"modified":"2026-01-26T09:23:51","modified_gmt":"2026-01-26T08:23:51","slug":"strawberry-banana-jnr-tank-pro-33000","status":"publish","type":"product","link":"https:\/\/jnrvaper.fr\/de\/produkt\/strawberry-banana-jnr-tank-pro-33000\/","title":{"rendered":"Erdbeer Banane JNR TANK PRO 33000 S\u00fc\u00dfe S\u00e4ure reifer Erdbeeren"},"content":{"rendered":"<h2>\ud83c\udf4c Der Klassische Cremige Strawberry Banana: Der JNR TANK PRO 33000<\/h2>\n<p data-path-to-node=\"7\">Exklusiv erh\u00e4ltlich auf Ihrer vertrauensw\u00fcrdigen Plattform, <a href=\"https:\/\/jnrvaper.fr\/de\/\"><b>jnrvaper.fr<\/b><\/a>, das neue <b>JNR TANK PRO 33000<\/b> ist da, um Ihre Vape-Pause neu zu definieren. Der <b>Erdbeer Banane<\/b> des neuen <a href=\"https:\/\/jnrvaper.fr\/de\/product-category\/jnr-tank-pro-33000-vape\/\"><b>JNR TANK PRO 33000<\/b><\/a> ist eine ikonische und k\u00f6stliche Kombination. Diese Mischung vereint die s\u00fc\u00df-s\u00e4uerliche Frische reifer Erdbeeren mit der cremigen F\u00fclle der Banane. Jeder Zug bietet eine glatte und samtige Textur, die an den Geschmack eines perfekt gemixten Smoothies erinnert. Dieses Geschmacksprofil ist ein gro\u00dfer Klassiker, ideal f\u00fcr diejenigen, die eine fruchtige, sanfte und runde Vape-Erfahrung suchen, ohne scharfe oder eisige Noten.<br \/>\n<img decoding=\"async\" class=\"alignnone wp-image-813 size-full\" loading=\"lazy\" src=\"https:\/\/jnrvaper.fr\/wp-content\/uploads\/2025\/11\/TANK-PRO1.jpg\" alt=\"\" width=\"1920\" height=\"1080\" srcset=\"https:\/\/jnrvaper.fr\/wp-content\/uploads\/2025\/11\/TANK-PRO1.jpg 1920w, https:\/\/jnrvaper.fr\/wp-content\/uploads\/2025\/11\/TANK-PRO1-600x338.jpg 600w, https:\/\/jnrvaper.fr\/wp-content\/uploads\/2025\/11\/TANK-PRO1-300x169.jpg 300w, https:\/\/jnrvaper.fr\/wp-content\/uploads\/2025\/11\/TANK-PRO1-1024x576.jpg 1024w, https:\/\/jnrvaper.fr\/wp-content\/uploads\/2025\/11\/TANK-PRO1-768x432.jpg 768w, https:\/\/jnrvaper.fr\/wp-content\/uploads\/2025\/11\/TANK-PRO1-1536x864.jpg 1536w\" sizes=\"auto, (max-width: 1920px) 100vw, 1920px\" \/><\/p>\n<h3>\ud83d\udca8 Monumentale Leistung: Der JNR TANK PRO 33000<\/h3>\n<p data-path-to-node=\"9\">Le <b>JNR TANK PRO 33000<\/b> ist f\u00fcr anspruchsvolle Dampfer konzipiert, die keinen Kompromiss zwischen Geschmack und Ausdauer eingehen wollen. Mit einer beeindruckenden Kapazit\u00e4t von <b>33000 Z\u00fcge<\/b> garantiert, definiert dieses Ger\u00e4t die Langlebigkeit in der Welt der wiederaufladbaren Einwegprodukte neu. Es ist mit einem Tank von <b>Real 28ml<\/b> E-Liquid ausgestattet, erh\u00e4ltlich in <b>Nikotin: 2% \/ 5%<\/b>, was Wochen, wenn nicht Monate, ununterbrochenen Genuss gew\u00e4hrleistet. Sein Akku <b>850mAh<\/b> ist einfach \u00fcber einen <b>Typ-C-Ladeanschluss<\/b>, aufladbar, was modernen Komfort f\u00fcr eine verl\u00e4ngerte Nutzung bietet.<\/p>\n<h3>\u2699\ufe0f Spitzentechnologie und totale Kontrolle<\/h3>\n<p data-path-to-node=\"11\">Im Herzen des <b>JNR TANK PRO 33000<\/b> befindet sich die Technologie <b>Dual Mesh Coil<\/b>, die eine gleichm\u00e4\u00dfige Erw\u00e4rmung und eine unglaublich getreue Geschmackswiedergabe <b>Erdbeer Banane<\/b> von Anfang bis Ende garantiert. Doch was dieses Modell wirklich auszeichnet, ist sein <b>LED-Display (Smart Screen)<\/b>. Dieser intelligente Bildschirm liefert in Echtzeit wichtige Informationen, die <b>Deutliche Anzeige von Batteriestand und E-Liquid-Level<\/b>. anzeigen. Dar\u00fcber hinaus haben Sie die M\u00f6glichkeit, Ihr Vape-Erlebnis dank der Funktion <b>Leistungsanpassung: 15W &amp; 20W<\/b>, anzupassen, die es Ihnen erm\u00f6glicht, je nach Vorliebe zwischen einem sanfteren Zug oder dichterem Dampf zu w\u00e4hlen.<\/p>\n<h3>\ud83c\udfaf Drei zwingende Gr\u00fcnde, den JNR TANK PRO 33000 zu w\u00e4hlen<\/h3>\n<ul data-path-to-node=\"13\">\n<li>\n<p data-path-to-node=\"13,0,0\"><b>Un\u00fcbertroffene Langlebigkeit:<\/b> Mit <b>33000 Z\u00fcge<\/b>, vergessen Sie den h\u00e4ufigen Austausch Ihres Ger\u00e4ts. Es ist eines der langlebigsten Einwegprodukte auf dem Markt und bietet maximale Sorgenfreiheit.<\/p>\n<\/li>\n<li>\n<p data-path-to-node=\"13,1,0\"><b>Personalisierte Kontrolle:<\/b> Der intelligente Bildschirm und die Leistungsanpassung (<b>15W\/20W<\/b>) geben Ihnen die volle Kontrolle \u00fcber Ihr Erlebnis, was bei einem Einwegprodukt selten ist, und erm\u00f6glichen es Ihnen, den Geschmack <b>Erdbeer Banane<\/b> oder die Dampfproduktion zu optimieren.<\/p>\n<\/li>\n<li>\n<p data-path-to-node=\"13,2,0\"><b>\u00dcberlegene Vape-Qualit\u00e4t:<\/b> Die Technologie <b>Dual Mesh Coil<\/b> sorgt f\u00fcr einen reichen, konstanten Dampf und einen Geschmack <b>Erdbeer Banane<\/b> von au\u00dfergew\u00f6hnlicher Reinheit, w\u00e4hrend das Volumen perfekt verwaltet wird. <b>Real 28ml<\/b> E-Liquid.<\/p>\n<\/li>\n<\/ul>\n<h3>\ud83d\udcca Zusammenfassung der wesentlichen Merkmale<\/h3>\n<ul data-path-to-node=\"15\">\n<li>\n<p data-path-to-node=\"15,0,0\"><b>Puffs:<\/b> 33000 Z\u00fcge (Maximale Langlebigkeit)<\/p>\n<\/li>\n<li>\n<p data-path-to-node=\"15,1,0\"><b>Spule:<\/b> Dual Mesh Coil (Beste Geschmackswiedergabe)<\/p>\n<\/li>\n<li>\n<p data-path-to-node=\"15,2,0\"><b>E-Liquid:<\/b> Real 28ml (Massive Kapazit\u00e4t)<\/p>\n<\/li>\n<li>\n<p data-path-to-node=\"15,3,0\"><b>Nikotin:<\/b> 2% \/ 5% (Konzentrationswahl)<\/p>\n<\/li>\n<li>\n<p data-path-to-node=\"15,4,0\"><b>Akku:<\/b> 850mAh (Hohe Kapazit\u00e4t)<\/p>\n<\/li>\n<li>\n<p data-path-to-node=\"15,5,0\"><b>Aufladen:<\/b> Typ-C-Ladeanschluss (Schnelles und modernes Aufladen)<\/p>\n<\/li>\n<li>\n<p data-path-to-node=\"15,6,0\"><b>Anzeige:<\/b> LED-Display (Smart Screen)<\/p>\n<\/li>\n<li>\n<p data-path-to-node=\"15,7,0\"><b>Anzeigen:<\/b> Deutliche Anzeige von Batteriestand und E-Liquid-Level (Volle Sichtbarkeit)<\/p>\n<\/li>\n<li>\n<p data-path-to-node=\"15,8,0\"><b>Einstellung:<\/b> Leistungsanpassung: 15W &amp; 20W (Personalisierung des Vapes)<\/p>\n<\/li>\n<\/ul>\n<h3>\u267b\ufe0f Verwaltung des Endes der Lebensdauer Ihres Ger\u00e4ts<\/h3>\n<p data-path-to-node=\"17\">Le <b>JNR TANK PRO 33000<\/b> ist ein wiederaufladbares Ger\u00e4t, bleibt jedoch ein elektronisches Produkt. Sobald das E-Liquid von <b>28ml<\/b> aufgebraucht ist (was Ihnen der Bildschirm deutlich anzeigt), ist es wichtig, es nicht mit dem Hausm\u00fcll zu entsorgen. Aus Umweltgr\u00fcnden geben Sie Ihr <b>JNR TANK PRO 33000<\/b> bitte an einer Sammelstelle f\u00fcr Elektronikschrott oder gebrauchte Batterien ab. Ihr Engagement ist entscheidend f\u00fcr ein verantwortungsvolles Dampfen.<\/p>\n<h3>\ud83d\ude80 Fazit: Steigen Sie mit jnrvaper auf die n\u00e4chste Stufe<\/h3>\n<p data-path-to-node=\"19\">Le <b>JNR TANK PRO 33000<\/b> im Geschmack <b>Erdbeer Banane<\/b> ist nicht nur ein einfacher Einwegartikel, sondern eine hochwertige, langlebige und funktionsreiche Vaping-Plattform. Es kombiniert den klassischen, cremigen Geschmack, den Sie w\u00fcnschen, mit der Technologie und der Autonomie, die Sie ben\u00f6tigen. Geben Sie sich nicht mit weniger zufrieden. Besuchen Sie unsere Website <b>jnrvaper.fr<\/b> noch heute, um Ihre Bestellung aufzugeben <b>JNR TANK PRO 33000<\/b> und tauchen Sie ein in das ultimative Vaping-Erlebnis. <b>Es ist an der Zeit, Ihr t\u00e4gliches Vaping-Erlebnis zu verbessern!<\/b><\/p>","protected":false},"excerpt":{"rendered":"<p>Entdecken Sie das <b>JNR TANK PRO 33000<\/b> auf <b>jnrvaper.fr<\/b>. Dieses wiederaufladbare Einwegprodukt bietet <b>33000 Z\u00fcge<\/b> et <b>Real 28ml<\/b> E-Liquid. Ausgestattet mit einem <b>Dual Mesh Coil<\/b> f\u00fcr den Geschmack <strong>Erdbeer Banane<\/strong>, verf\u00fcgt es \u00fcber ein <b>LED-Display<\/b> (f\u00fcr <b>Deutliche Anzeige von Batteriestand und E-Liquid-Level<\/b>) und die <b>Leistungsanpassung: 15W &amp; 20W<\/b>. Batterie <b>850mAh<\/b> wiederaufladbar <b>Typ-C-Ladeanschluss<\/b>. Der <b>JNR TANK PRO 33000<\/b> : Leistung und Kontrolle auf h\u00f6chstem Niveau.<\/p>","protected":false},"featured_media":842,"comment_status":"open","ping_status":"closed","template":"","meta":[],"product_brand":[],"product_cat":[132,37],"product_tag":[],"class_list":{"0":"post-840","1":"product","2":"type-product","3":"status-publish","4":"has-post-thumbnail","6":"product_cat-jnr-tank-pro-33000-vape","7":"product_cat-strawberry-banana","9":"first","10":"instock","11":"shipping-taxable","12":"purchasable","13":"product-type-variable"},"_links":{"self":[{"href":"https:\/\/jnrvaper.fr\/de\/wp-json\/wp\/v2\/product\/840","targetHints":{"allow":["GET"]}}],"collection":[{"href":"https:\/\/jnrvaper.fr\/de\/wp-json\/wp\/v2\/product"}],"about":[{"href":"https:\/\/jnrvaper.fr\/de\/wp-json\/wp\/v2\/types\/product"}],"replies":[{"embeddable":true,"href":"https:\/\/jnrvaper.fr\/de\/wp-json\/wp\/v2\/comments?post=840"}],"wp:featuredmedia":[{"embeddable":true,"href":"https:\/\/jnrvaper.fr\/de\/wp-json\/wp\/v2\/media\/842"}],"wp:attachment":[{"href":"https:\/\/jnrvaper.fr\/de\/wp-json\/wp\/v2\/media?parent=840"}],"wp:term":[{"taxonomy":"product_brand","embeddable":true,"href":"https:\/\/jnrvaper.fr\/de\/wp-json\/wp\/v2\/product_brand?post=840"},{"taxonomy":"product_cat","embeddable":true,"href":"https:\/\/jnrvaper.fr\/de\/wp-json\/wp\/v2\/product_cat?post=840"},{"taxonomy":"product_tag","embeddable":true,"href":"https:\/\/jnrvaper.fr\/de\/wp-json\/wp\/v2\/product_tag?post=840"}],"curies":[{"name":"wp","href":"https:\/\/api.w.org\/{rel}","templated":true}]}}