{"id":750,"date":"2025-11-18T03:06:39","date_gmt":"2025-11-18T02:06:39","guid":{"rendered":"https:\/\/jnrvaper.fr\/?post_type=product&#038;p=750"},"modified":"2026-01-26T09:35:21","modified_gmt":"2026-01-26T08:35:21","slug":"jnr-panda-25500-new-double-apple","status":"publish","type":"product","link":"https:\/\/jnrvaper.fr\/de\/produkt\/jnr-panda-25500-new-double-apple\/","title":{"rendered":"JNR PANDA 25500 New Double Apple \u2013 Wiederaufladbares Langzeit-Vape"},"content":{"rendered":"<h2>\ud83c\udf4e New Double Apple \u2013 Ein ikonischer Geschmack neu interpretiert<\/h2>\n<p>La <b>JNR PANDA 25500 New Double Apple<\/b> verk\u00f6rpert das perfekte Gleichgewicht zwischen fruchtiger Tradition und moderner Innovation. Inspiriert vom Klassizismus der s\u00fc\u00dfen roten Apfelaromen und der s\u00e4uerlichen gr\u00fcnen Apfelaromen bietet diese Edition ein reichhaltiges, nuanciertes und erfrischendes Erlebnis, das Liebhaber zeitloser Fruchtprofile begeistert. Jeder Zug offenbart eine intensive aromatische Tiefe, bei der sich die S\u00fc\u00dfe harmonisch mit einem Hauch von subtiler S\u00e4ure verbindet, um ein unvergessliches Mundgef\u00fchl zu erzeugen. Dank der Technologie <b>Dual Mesh Coil<\/b>, ist die Wiedergabe der Aromen pr\u00e4zise und erzeugt von Anfang bis Ende dichten und samtigen Dampf.<\/p>\n<h3>\ud83d\udcaa Leistung &amp; Autonomie im Alltag<\/h3>\n<p>Die PANDA 25500 ist auf Langlebigkeit ausgelegt. Ausgestattet mit einem leistungsstarken wiederaufladbaren Akku von <b>850 mAh<\/b> mit modernem Ladeanschluss <b>Typ-C<\/b>, bietet sie eine au\u00dfergew\u00f6hnliche Ausdauer, die f\u00fcr intensiven Gebrauch den ganzen Tag \u00fcber geeignet ist. Das integrierte Display zeigt deutlich den Batteriestand an, f\u00fcr v\u00f6llige Sorgenfreiheit, w\u00e4hrend die mehrfarbigen LED-Beleuchtungen jeder Sitzung eine dynamische \u00e4sthetische Note verleihen.<\/p>\n<h3>\ud83d\ude80 Bis zu 25.500 Z\u00fcge voller Genuss<\/h3>\n<p>Entwickelt rund um ein intelligentes Hybridsystem mit <b>2\u00d710 ml Premium-E-Liquid<\/b>, liefert die PANDA 25500 bis zu <b>25.500 Z\u00fcgen<\/b> ohne Geschmacksverlust. Dieses Hybridsystem kombiniert die Einfachheit einer Einweg-Vape mit der Haltbarkeit eines wiederaufladbaren Pods, minimiert Abfall und maximiert den Nutzwert f\u00fcr anspruchsvolle Dampfer. Das austauschbare Pod-Format und das Fill &amp; Swap-System erm\u00f6glichen es, die Lebensdauer Ihres Ger\u00e4ts einfach zu verl\u00e4ngern.<\/p>\n<h3>\ud83d\udcca Wesentliche technische Spezifikationen<\/h3>\n<ul>\n<li><strong>Batteriekapazit\u00e4t:<\/strong> 850 mAh wiederaufladbar (USB Typ-C)<\/li>\n<li><strong>E-Liquid-Kapazit\u00e4t:<\/strong> 2\u00d710 ml f\u00fcr verl\u00e4ngerte Autonomie<\/li>\n<li><strong>Technologie:<\/strong> Dual Mesh Coil f\u00fcr reiche und konstante Aromen<\/li>\n<li><strong>Nikotinlevel:<\/strong> 2\u202f% (Nikotin-Salze f\u00fcr sanfte Aufnahme)<\/li>\n<li><strong>Integriertes Display:<\/strong> Batterieanzeige<\/li>\n<li><strong>LED-Effekte:<\/strong> Atmende mehrfarbige Lichter<\/li>\n<\/ul>\n<h3>\ud83c\udf4f Warum die New Double Apple w\u00e4hlen?<\/h3>\n<p>Der Geschmack <b>New Double Apple<\/b> ist eines der beliebtesten Profile bei klassischen und fruchtigen Dampfern, das nat\u00fcrliche S\u00fc\u00dfe und leicht pikante Noten vereint. Es richtet sich sowohl an erfahrene Benutzer als auch an diejenigen, die die Welt des Dampfens entdecken, dank eines harmonischen Halsgef\u00fchls und eines Aromas, das bis zum letzten Zug treu bleibt. Diese charakteristische Mischung zeichnet sich durch ihre F\u00e4higkeit aus, auch nach Hunderten von Z\u00fcgen intensiv und ausgewogen zu bleiben.<\/p>\n<h3>\u2728 Eine durchdachte Wahl f\u00fcr anspruchsvolle Dampfer<\/h3>\n<p>Indem Sie sich f\u00fcr die <b>JNR PANDA 25500 New Double Apple<\/b> auf jnrvaper.fr entscheiden, w\u00e4hlen Sie ein Produkt <b>TPD-konform<\/b> und darauf ausgelegt, ein stabiles, leistungsstarkes und schmackhaftes Erlebnis zu bieten. Ihr wiederaufladbares Format und ihre Langlebigkeit machen sie zu einer wirtschaftlichen und praktischen Option gegen\u00fcber anderen Einweg-L\u00f6sungen auf dem Markt, w\u00e4hrend sie ein ergonomisches und modernes Design beibeh\u00e4lt, das ins Auge f\u00e4llt.<\/p>\n<h3>\u2753 FAQ \u2013 H\u00e4ufig gestellte Fragen<\/h3>\n<h4>Ist die PANDA 25500 wiederaufladbar?<\/h4>\n<p>Ja, mit ihrem 850 mAh Akku und ihrem modernen Type-C-Anschluss ist das Aufladen schnell und einfach. Das integrierte Display f\u00fchrt Sie, damit Ihnen nie die Energie ausgeht.<\/p>\n<h4>Was bedeutet \u00abNew Double Apple\u00bb?<\/h4>\n<p>Es ist eine elegante Interpretation des klassischen Geschmacks \u00abDouble Apple\u00bb, die zwei Apfelsorten kombiniert, um ein reichhaltiges, s\u00fc\u00dfes und leicht s\u00e4uerliches Fruchterlebnis zu bieten, ideal f\u00fcr Liebhaber authentischer Geschm\u00e4cker.<\/p>\n<h4>Wie lange h\u00e4lt der Geschmack?<\/h4>\n<p>Dank des Hybridsystems und seiner E-Liquid-Kapazit\u00e4t von 20 ml bleibt der Geschmack bis zum Ende der versprochenen 25.500 Z\u00fcge intensiv.<\/p>\n<h4>Welcher Nikotingehalt wird angeboten?<\/h4>\n<p>Die Version New Double Apple wird mit einem Nikotingehalt von 2\u202f% angeboten, geeignet f\u00fcr eine effektive Aufnahme und ein angenehmes Halsgef\u00fchl.<\/p>","protected":false},"excerpt":{"rendered":"<p>Der JNR PANDA 25500 New Double Apple kombiniert bis zu 25.500 intensive Z\u00fcge, einen ausgewogenen fruchtigen Geschmack von rotem und gr\u00fcnem Apfel, einen wiederaufladbaren 850-mAh-Akku und eine Dual Mesh Coil-Technologie f\u00fcr ein reichhaltiges und langlebiges Dampferlebnis.<\/p>","protected":false},"featured_media":752,"comment_status":"open","ping_status":"closed","template":"","meta":[],"product_brand":[],"product_cat":[128,49],"product_tag":[],"class_list":{"0":"post-750","1":"product","2":"type-product","3":"status-publish","4":"has-post-thumbnail","6":"product_cat-jnr-panda-25500-vape","7":"product_cat-double-apple","9":"first","10":"instock","11":"shipping-taxable","12":"purchasable","13":"product-type-variable"},"_links":{"self":[{"href":"https:\/\/jnrvaper.fr\/de\/wp-json\/wp\/v2\/product\/750","targetHints":{"allow":["GET"]}}],"collection":[{"href":"https:\/\/jnrvaper.fr\/de\/wp-json\/wp\/v2\/product"}],"about":[{"href":"https:\/\/jnrvaper.fr\/de\/wp-json\/wp\/v2\/types\/product"}],"replies":[{"embeddable":true,"href":"https:\/\/jnrvaper.fr\/de\/wp-json\/wp\/v2\/comments?post=750"}],"wp:featuredmedia":[{"embeddable":true,"href":"https:\/\/jnrvaper.fr\/de\/wp-json\/wp\/v2\/media\/752"}],"wp:attachment":[{"href":"https:\/\/jnrvaper.fr\/de\/wp-json\/wp\/v2\/media?parent=750"}],"wp:term":[{"taxonomy":"product_brand","embeddable":true,"href":"https:\/\/jnrvaper.fr\/de\/wp-json\/wp\/v2\/product_brand?post=750"},{"taxonomy":"product_cat","embeddable":true,"href":"https:\/\/jnrvaper.fr\/de\/wp-json\/wp\/v2\/product_cat?post=750"},{"taxonomy":"product_tag","embeddable":true,"href":"https:\/\/jnrvaper.fr\/de\/wp-json\/wp\/v2\/product_tag?post=750"}],"curies":[{"name":"wp","href":"https:\/\/api.w.org\/{rel}","templated":true}]}}