{"id":705,"date":"2025-11-17T10:01:53","date_gmt":"2025-11-17T09:01:53","guid":{"rendered":"https:\/\/jnrvaper.fr\/?post_type=product&#038;p=705"},"modified":"2026-01-26T09:39:39","modified_gmt":"2026-01-26T08:39:39","slug":"apple-mojito-jnr-mega-box-25000","status":"publish","type":"product","link":"https:\/\/jnrvaper.fr\/de\/produkt\/apple-mojito-jnr-mega-box-25000\/","title":{"rendered":"Apple Mojito JNR Mega Box 25000 Erfrischender und spritziger Mojito"},"content":{"rendered":"<h2>\ud83c\udf4f Der Spritzige Cocktail <b>JNR Mega Box 25000<\/b> : Geschmack <b>Apfel Mojito<\/b> S\u00e4uerlich und Menthol<\/h2>\n<p data-path-to-node=\"5\">Willkommen auf <a href=\"https:\/\/jnrvaper.fr\/de\/\"><b>jnrvaper.fr<\/b><\/a> ! Entdecken Sie ohne Verz\u00f6gerung den raffinierten und spritzigen Geschmack <b>Apfel Mojito<\/b> im Herzen unseres Flaggschiff-Ger\u00e4ts: der <a href=\"https:\/\/jnrvaper.fr\/de\/product-category\/jnr-mega-box-25000-vape\/\"><b>JNR Mega Box 25000<\/b><\/a>. Dieses Geschmacksprofil ist inspiriert vom klassischen kubanischen Cocktail, der die knackige S\u00e4ure des <b>gr\u00fcnen Apfels<\/b> (<i>Apple<\/i>) mit den lebhaften und erfrischenden Noten der <b>frischen Minze<\/b> und <strong>Limette<\/strong> (<i>Mojito<\/i>). Das Ergebnis ist ein unglaublich klarer, lebhafter und erfrischender Vape, perfekt, um ein eisgek\u00fchltes Getr\u00e4nk zu simulieren.<br \/>\n<img decoding=\"async\" class=\"alignnone wp-image-644 size-full\" loading=\"lazy\" src=\"https:\/\/jnrvaper.fr\/wp-content\/uploads\/2025\/11\/MEGA\u00b7BOX_01.jpg\" alt=\"\" width=\"1920\" height=\"1080\" srcset=\"https:\/\/jnrvaper.fr\/wp-content\/uploads\/2025\/11\/MEGA\u00b7BOX_01.jpg 1920w, https:\/\/jnrvaper.fr\/wp-content\/uploads\/2025\/11\/MEGA\u00b7BOX_01-600x338.jpg 600w, https:\/\/jnrvaper.fr\/wp-content\/uploads\/2025\/11\/MEGA\u00b7BOX_01-300x169.jpg 300w, https:\/\/jnrvaper.fr\/wp-content\/uploads\/2025\/11\/MEGA\u00b7BOX_01-1024x576.jpg 1024w, https:\/\/jnrvaper.fr\/wp-content\/uploads\/2025\/11\/MEGA\u00b7BOX_01-768x432.jpg 768w, https:\/\/jnrvaper.fr\/wp-content\/uploads\/2025\/11\/MEGA\u00b7BOX_01-1536x864.jpg 1536w\" sizes=\"auto, (max-width: 1920px) 100vw, 1920px\" \/><\/p>\n<p data-path-to-node=\"7\">Le <b>JNR Mega Box 25000<\/b> ist die ultimative L\u00f6sung f\u00fcr langanhaltendes und m\u00fcheloses Vaping. Mit fortschrittlicher Technologie entwickelt, garantiert dieses Ger\u00e4t eine konstante Leistung und einen au\u00dfergew\u00f6hnlichen Geschmack, sodass Sie Ihr E-Liquid <b>Apfel Mojito<\/b> ohne Unterbrechung genie\u00dfen k\u00f6nnen. Es ist die perfekte Verbindung von Ausdauer und Geschmack.<\/p>\n<p data-path-to-node=\"9\">Verf\u00fcgbar auf <b>jnrvaper.fr<\/b>, begleitet Sie der <b>JNR Mega Box 25000<\/b> wird f\u00fcr seine Zuverl\u00e4ssigkeit und Kapazit\u00e4t gesch\u00e4tzt. Dank seines ergonomischen Designs und fortschrittlicher technischer Merkmale (wie dem Doppelwiderstand) bietet es ein \u00fcberragendes Vaping-Erlebnis, das vom Anfang bis zum Ende konsistent ist.<\/p>\n<h3>\u2699\ufe0f Die Wesentlichen Merkmale des <b>JNR Mega Box 25000<\/b><\/h3>\n<h3>Au\u00dfergew\u00f6hnliche Ausdauer: 25000 Z\u00fcge<\/h3>\n<p data-path-to-node=\"12\">Mit einer ph\u00e4nomenalen Kapazit\u00e4t von <b>25000 Z\u00fcge<\/b>, begleitet Sie der <b>JNR Mega Box 25000<\/b> behauptet sich als f\u00fchrend in Sachen Langlebigkeit auf dem Markt f\u00fcr Einweg-Vapes.<\/p>\n<h3>XXL-Tank: 30ml E-Liquid<\/h3>\n<p data-path-to-node=\"14\">Um eine solche Ausdauer zu unterst\u00fctzen, ist der <b>JNR Mega Box 25000<\/b> vorgef\u00fcllt mit einem massiven Vorrat von <b>30ml E-Liquid<\/b>, der einen Geschmack <b>Apfel Mojito<\/b> gew\u00e4hrleistet, der anh\u00e4lt.<\/p>\n<h3>Doppelte Vape-Technologie: Dual Mesh Coil &amp; Dual Core<\/h3>\n<p data-path-to-node=\"16\">Das Geheimnis der Geschmacksintensit\u00e4t <b>Apfel Mojito<\/b> liegt im System <b>Dual Mesh Coil &amp; Dual Core<\/b>, das die Heizfl\u00e4che maximiert f\u00fcr eine reiche Dampfproduktion und einen perfekt wiedergegebenen Geschmack.<\/p>\n<h3>Zuverl\u00e4ssige Stromversorgung: 850mAh Batteriekapazit\u00e4t<\/h3>\n<p data-path-to-node=\"18\">Die Batterie von <b>850mAh Batteriekapazit\u00e4t<\/b> ist so konzipiert, dass sie das Ger\u00e4t w\u00e4hrend seiner gesamten Lebensdauer mit Strom versorgt und optimale Leistung bis zum letzten Zug garantiert.<\/p>\n<h3>Optimiertes Aufladen: Typ-C Schnellladung<\/h3>\n<p data-path-to-node=\"20\">Der Ladeanschluss <b>Typ-C Schnellladeanschluss<\/b> erm\u00f6glicht ein schnelles Aufladen der Batterie, minimiert Unterbrechungen und maximiert Ihre Vaping-Zeit mit dem <b>JNR Mega Box 25000<\/b>.<\/p>\n<h3>Nikotin-Flexibilit\u00e4t: 2%-5% Nikotin<\/h3>\n<p data-path-to-node=\"22\">Le <b>JNR Mega Box 25000<\/b> ist in verschiedenen Konzentrationen von <b>2%-5% Nikotin<\/b>, erh\u00e4ltlich, sodass Benutzer die Intensit\u00e4t w\u00e4hlen k\u00f6nnen, die am besten zu ihren Bed\u00fcrfnissen passt.<\/p>\n<h3>\ud83c\udfc6 Die Hauptvorteile der JNR-Erfahrung<\/h3>\n<ul data-path-to-node=\"24\">\n<li>\n<p data-path-to-node=\"24,0,0\"><b>Die Authentizit\u00e4t des Geschmacks:<\/b> Das System <b>Dual Mesh Coil<\/b> garantiert, dass jeder Zug von <b>Apfel Mojito<\/b> rein und intensiv ist.<\/p>\n<\/li>\n<li>\n<p data-path-to-node=\"24,1,0\"><b>Die Wartungsfreie Einfachheit:<\/b> Einsatzbereit, ohne Nachf\u00fcllen oder komplexe Einstellungen, bietet maximale Benutzerfreundlichkeit.<\/p>\n<\/li>\n<li>\n<p data-path-to-node=\"24,2,0\"><b>Eine Nachhaltige Investition:<\/b> Die Kapazit\u00e4t von <b>25000 Z\u00fcge<\/b> macht den <b>JNR Mega Box 25000<\/b> wirtschaftlicher als den Kauf mehrerer kleiner Einwegger\u00e4te.<\/p>\n<\/li>\n<li>\n<p data-path-to-node=\"24,3,0\"><b>Konstante Leistung:<\/b> Die Technologie <b>Dual Core<\/b> und die wiederaufladbare Batterie von <b>850mAh<\/b> gew\u00e4hrleisten vom Anfang bis zum Ende hochwertigen Dampf.<\/p>\n<\/li>\n<\/ul>\n<h3>\ud83d\udecd\ufe0f Warum Kaufen Sie den <b>JNR Mega Box 25000<\/b> auf <b>jnrvaper.fr<\/b> ?<\/h3>\n<h3>Die Exklusivit\u00e4t des Geschmacks<\/h3>\n<p data-path-to-node=\"27\">Wenn Sie einen spritzigen Zitrusgeschmack suchen, der durch knackigen Apfel und frische Minze verst\u00e4rkt wird, ist das\u2019<b>Apfel Mojito<\/b> das ideale Profil f\u00fcr ein anspruchsvolles und lebendiges Dampferlebnis.<\/p>\n<h3>Die Garantie der Authentizit\u00e4t<\/h3>\n<p data-path-to-node=\"29\">Beim Kauf auf <b>jnrvaper.fr<\/b>, haben Sie die Gewissheit, ein <b>JNR Mega Box 25000<\/b> authentisches und hochwertiges Produkt direkt von der Quelle zu erhalten.<\/p>\n<h3>Das Leistungsst\u00e4rkste Wiederaufladbare Batterieger\u00e4t<\/h3>\n<p data-path-to-node=\"31\">Le <b>JNR Mega Box 25000<\/b> kombiniert die Bequemlichkeit eines Einwegprodukts mit der Zuverl\u00e4ssigkeit einer wiederaufladbaren Batterie und stellt sicher, dass Sie jeden Milliliter der E-Fl\u00fcssigkeit verwenden <b>Apfel Mojito<\/b>.<\/p>","protected":false},"excerpt":{"rendered":"<p>Le <b>JNR Mega Box 25000<\/b> ist verf\u00fcgbar auf <b>jnrvaper.fr<\/b> ! Erhalten Sie <b>25000 Z\u00fcge<\/b> et <b>30ml E-Liquid<\/b> einer optimalen Leistung. Dieses Ger\u00e4t verwendet ein <b>Dual Mesh Coil &amp; Dual Core<\/b> mit einer Batterie <b>850mAh<\/b> et <b>Typ-C Schnellladeanschluss<\/b>. W\u00e4hlen Sie Ihre Dosierung <b>2%-5% Nikotin<\/b> im au\u00dfergew\u00f6hnlichen Geschmack <strong>Apfel Mojito<\/strong>. Der <b>JNR Mega Box 25000<\/b> : die neu definierte Ausdauer.<\/p>","protected":false},"featured_media":709,"comment_status":"open","ping_status":"closed","template":"","meta":[],"product_brand":[],"product_cat":[121,125],"product_tag":[],"class_list":{"0":"post-705","1":"product","2":"type-product","3":"status-publish","4":"has-post-thumbnail","6":"product_cat-jnr-mega-box-25000-vape","7":"product_cat-apple-mojito","9":"first","10":"instock","11":"shipping-taxable","12":"purchasable","13":"product-type-variable"},"_links":{"self":[{"href":"https:\/\/jnrvaper.fr\/de\/wp-json\/wp\/v2\/product\/705","targetHints":{"allow":["GET"]}}],"collection":[{"href":"https:\/\/jnrvaper.fr\/de\/wp-json\/wp\/v2\/product"}],"about":[{"href":"https:\/\/jnrvaper.fr\/de\/wp-json\/wp\/v2\/types\/product"}],"replies":[{"embeddable":true,"href":"https:\/\/jnrvaper.fr\/de\/wp-json\/wp\/v2\/comments?post=705"}],"wp:featuredmedia":[{"embeddable":true,"href":"https:\/\/jnrvaper.fr\/de\/wp-json\/wp\/v2\/media\/709"}],"wp:attachment":[{"href":"https:\/\/jnrvaper.fr\/de\/wp-json\/wp\/v2\/media?parent=705"}],"wp:term":[{"taxonomy":"product_brand","embeddable":true,"href":"https:\/\/jnrvaper.fr\/de\/wp-json\/wp\/v2\/product_brand?post=705"},{"taxonomy":"product_cat","embeddable":true,"href":"https:\/\/jnrvaper.fr\/de\/wp-json\/wp\/v2\/product_cat?post=705"},{"taxonomy":"product_tag","embeddable":true,"href":"https:\/\/jnrvaper.fr\/de\/wp-json\/wp\/v2\/product_tag?post=705"}],"curies":[{"name":"wp","href":"https:\/\/api.w.org\/{rel}","templated":true}]}}