{"id":451,"date":"2025-11-16T08:55:08","date_gmt":"2025-11-16T07:55:08","guid":{"rendered":"https:\/\/jnrvaper.fr\/?post_type=product&#038;p=451"},"modified":"2026-01-26T10:17:26","modified_gmt":"2026-01-26T09:17:26","slug":"mi-amor-jnr-falcon-16000","status":"publish","type":"product","link":"https:\/\/jnrvaper.fr\/de\/produkt\/mi-amor-jnr-falcon-16000\/","title":{"rendered":"Mi Amor JNR Falcon 16000 Saftig und leidenschaftlich"},"content":{"rendered":"<h2>\ud83c\udf49 <b>JNR Falcon 16000 Mi Amor: Die Saftige und Fruchtige Liebeserkl\u00e4rung<\/b><\/h2>\n<h3>\ud83d\udc51 <b>Ein Leidenschaftlicher Geschmack: Das Verf\u00fchrerische Trio von Mi Amor<\/b><\/h3>\n<p data-path-to-node=\"5\">Entdecken Sie das intensive und fesselnde Aromaprofil des <a href=\"https:\/\/jnrvaper.fr\/de\/product-category\/jnr-falcon-16000-vape\/\"><b>JNR Falcon 16000<\/b><\/a> und seinem Tank von <b>Mi Amor<\/b>. Diese k\u00f6stliche Mischung ist eine wahre Ode an rote und tropische Fr\u00fcchte. Das Aroma wird von der erfrischenden Frische der <b>Wassermelone (Watermelon)<\/b> und der saftigen S\u00fc\u00dfe der <b>Erdbeere (Strawberry)<\/b>, dominiert, perfekt ausbalanciert und belebt durch die spritzige S\u00e4ure der <b>Kiwi (Kiwi)<\/b>. Die Verbindung schafft eine perfekte Synergie aus saftigen und komplexen Aromen und bietet ein helles, erfrischendes und zutiefst befriedigendes Dampferlebnis. Es ist der Geschmack der Leidenschaft, den Sie suchen.<br \/>\n<img decoding=\"async\" class=\"alignnone wp-image-334 size-full\" loading=\"lazy\" src=\"https:\/\/jnrvaper.fr\/wp-content\/uploads\/2025\/11\/Poster_Falcon_02-scaled.jpg\" alt=\"\" width=\"2560\" height=\"1440\" srcset=\"https:\/\/jnrvaper.fr\/wp-content\/uploads\/2025\/11\/Poster_Falcon_02-scaled.jpg 2560w, https:\/\/jnrvaper.fr\/wp-content\/uploads\/2025\/11\/Poster_Falcon_02-scaled-600x338.jpg 600w, https:\/\/jnrvaper.fr\/wp-content\/uploads\/2025\/11\/Poster_Falcon_02-300x169.jpg 300w, https:\/\/jnrvaper.fr\/wp-content\/uploads\/2025\/11\/Poster_Falcon_02-1024x576.jpg 1024w, https:\/\/jnrvaper.fr\/wp-content\/uploads\/2025\/11\/Poster_Falcon_02-768x432.jpg 768w, https:\/\/jnrvaper.fr\/wp-content\/uploads\/2025\/11\/Poster_Falcon_02-1536x864.jpg 1536w, https:\/\/jnrvaper.fr\/wp-content\/uploads\/2025\/11\/Poster_Falcon_02-2048x1152.jpg 2048w\" sizes=\"auto, (max-width: 2560px) 100vw, 2560px\" \/><\/p>\n<h3>\ud83d\ude80 <b>JNR Falcon 16000: Neu Definierte Leistung und Haltbarkeit<\/b><\/h3>\n<p data-path-to-node=\"7\">Le <b>JNR Falcon 16000<\/b> ist der Einweg-Vaporizer der neuen Generation, verf\u00fcgbar auf <a href=\"https:\/\/jnrvaper.fr\/de\/\"><b>jnrvaper.fr<\/b><\/a>. Entworfen f\u00fcr anspruchsvolle Dampfer, kombiniert er eine Rekordlaufzeit mit Spitzentechnologie. Sein elegantes Design <b>Crystal Craft Design<\/b> und seine konstante Leistung gew\u00e4hrleisten dauerhafte Zufriedenheit. Ob Sie die Nikotinkonzentration w\u00e4hlen <b>2%<\/b> ou <b>5%<\/b>, begleitet Sie der <b>JNR Falcon 16000<\/b> garantiert eine \u00fcberlegene Leistung vom ersten bis zum letzten Zug.<\/p>\n<h3>\u2728 <b>Die Wichtigen Technischen Vorteile des JNR Falcon 16000<\/b><\/h3>\n<p data-path-to-node=\"9\">Hier sind die Merkmale, die den <b>JNR Falcon 16000<\/b> :<\/p>\n<ul data-path-to-node=\"10\">\n<li>\n<p data-path-to-node=\"10,0,0\"><b>Rekordlaufzeit:<\/b> Bis zu <b>16000 Z\u00fcge<\/b> f\u00fcr eine ultra-lange Nutzung.<\/p>\n<\/li>\n<li>\n<p data-path-to-node=\"10,1,0\"><b>Gro\u00dfz\u00fcgige Kapazit\u00e4t:<\/b> Ein Tank von <b>22ml<\/b> E-Liquid.<\/p>\n<\/li>\n<li>\n<p data-path-to-node=\"10,2,0\"><b>Leistungsstarke Batterie:<\/b> <b>850mah wiederaufladbare Batterie<\/b> f\u00fcr vollst\u00e4ndige Nutzung.<\/p>\n<\/li>\n<li>\n<p data-path-to-node=\"10,3,0\"><b>Coil-Technologie:<\/b> Ausgestattet mit einer <b>Dual Mesh Coil<\/b> f\u00fcr einen <b>Mi Amor<\/b> reiner und dichter Dampf.<\/p>\n<\/li>\n<li>\n<p data-path-to-node=\"10,4,0\"><b>Optimale Widerstand:<\/b> Ein Widerstand von <b>1\u03a9<\/b> f\u00fcr einen zufriedenstellenden MTL-Zug.<\/p>\n<\/li>\n<li>\n<p data-path-to-node=\"10,5,0\"><b>Anpassbarer Luftstrom:<\/b> <b>Einstellbarer Luftstrom<\/b> um Ihr Zugerlebnis zu verfeinern.<\/p>\n<\/li>\n<li>\n<p data-path-to-node=\"10,6,0\"><b>Nikotinoptionen:<\/b> Erh\u00e4ltlich in <b>2% 5% Nikotin<\/b> (nach Ihrer Pr\u00e4ferenz).<\/p>\n<\/li>\n<li>\n<p data-path-to-node=\"10,7,0\"><b>Design und \u00c4sthetik:<\/b> Modernes Design <b>Crystal Craft Design<\/b>.<\/p>\n<\/li>\n<\/ul>\n<h3>\u26a0\ufe0f <b>Nutzungstipps und Sicherheitsvorkehrungen<\/b><\/h3>\n<p data-path-to-node=\"12\">Um das Beste aus Ihrem <b>JNR Falcon 16000<\/b> :<\/p>\n<ul data-path-to-node=\"13\">\n<li>\n<p data-path-to-node=\"13,0,0\"><b>Aufladen:<\/b> Laden Sie die Batterie von <b>850mAh<\/b> mit einem geeigneten Ladeger\u00e4t auf, wenn die Dampfleistung nachl\u00e4sst. Nicht \u00fcberladen.<\/p>\n<\/li>\n<li>\n<p data-path-to-node=\"13,1,0\"><b>Zug-Einstellung:<\/b> Verwenden Sie das\u2019<b>Einstellbarer Luftstrom<\/b> um Ihren idealen Zug zu finden (eng oder luftig).<\/p>\n<\/li>\n<li>\n<p data-path-to-node=\"13,2,0\"><b>Lagerung:<\/b> Bewahren Sie es vor Feuchtigkeit und extremen Temperaturen gesch\u00fctzt auf, um das E-Liquid und die Batterie zu erhalten.<\/p>\n<\/li>\n<\/ul>\n<h3>\u2753 <b>H\u00e4ufig Gestellte Fragen (FAQ) zum JNR Falcon 16000<\/b><\/h3>\n<ul data-path-to-node=\"15\">\n<li>\n<p data-path-to-node=\"15,0,0\"><b>Kann ich den JNR Falcon 16000 aufladen?<\/b> Ja, die Batterie von <b>850mah<\/b> ist wiederaufladbar, um sicherzustellen, dass Sie die <b>16000 Z\u00fcge<\/b>.<\/p>\n<\/li>\n<li>\n<p data-path-to-node=\"15,1,0\"><b>Ist der Geschmack Mi Amor sehr s\u00fc\u00df?<\/b> Es ist <b>k\u00f6stlich<\/b>. Die Fruchtmischung ist saftig, aber die S\u00e4ure der Kiwi bringt ein Gleichgewicht, das verhindert, dass der Geschmack \u00fcberw\u00e4ltigend wird.<\/p>\n<\/li>\n<li>\n<p data-path-to-node=\"15,2,0\"><b>Kann ich mit dem JNR Falcon 16000 meinen Nikotingehalt w\u00e4hlen?<\/b> Ja. Der <b>JNR Falcon 16000<\/b> ist in zwei Konzentrationen erh\u00e4ltlich: <b>2%<\/b> et <b>5% Nikotin<\/b>, sodass Sie die f\u00fcr Ihre Bed\u00fcrfnisse geeignete Dosierung w\u00e4hlen k\u00f6nnen.<\/p>\n<\/li>\n<li><b>Warum ist der JNR Falcon 16000 eine bessere Wahl als andere Einwegprodukte?<\/b> Es ist der einzige, der <b>16000 Z\u00fcge<\/b> mit einem <b>Einstellbarer Luftstrom<\/b> und einem wiederaufladbaren Akku kombiniert. Finden Sie das Beste <b>JNR Falcon 16000<\/b> auf <b>jnrvaper.fr<\/b>.<\/li>\n<\/ul>\n<h3>\ud83d\uded2 <b>Ihr N\u00e4chstes Dampferlebnis Beginnt Hier<\/b><\/h3>\n<p data-path-to-node=\"17\">Geben Sie sich nicht mit dem Gew\u00f6hnlichen zufrieden. Der <b>JNR Falcon 16000<\/b> und seinem Tank von <b>Mi Amor<\/b> ist das Versprechen von unvergleichlicher Geschmacksqualit\u00e4t und au\u00dfergew\u00f6hnlicher Autonomie. Besuchen Sie <b>jnrvaper.fr<\/b> jetzt, um Ihr Ger\u00e4t zu sichern. Es ist an der Zeit, sich f\u00fcr Leistung und Geschmack zu entscheiden: der <b>JNR Falcon 16000<\/b> erwartet Sie.<\/p>","protected":false},"excerpt":{"rendered":"<p>Le <b>JNR Falcon 16000<\/b> definiert das Einweg-Vape neu: bis zu <b>16000 Z\u00fcge<\/b> mit <b>22ml<\/b> Geschmack <strong>Mi Amor<\/strong> .\u00a0Es wird angetrieben von einer <b>850mAh wiederaufladbaren Batterie<\/b> und integriert die <b>Dual Mesh Coil<\/b> f\u00fcr optimalen Geschmack. Passen Sie Ihren Zug mit dem\u2019<b>Einstellbarer Luftstrom<\/b>. Verf\u00fcgbar in <b>2% und 5% Nikotin<\/b>. Finden Sie Ihr <b>JNR Falcon 16000<\/b> auf <b>jnrvaper.fr<\/b>.<\/p>","protected":false},"featured_media":453,"comment_status":"open","ping_status":"closed","template":"","meta":[],"product_brand":[],"product_cat":[79,96],"product_tag":[],"class_list":{"0":"post-451","1":"product","2":"type-product","3":"status-publish","4":"has-post-thumbnail","6":"product_cat-jnr-falcon-16000-vape","7":"product_cat-mi-amor","9":"first","10":"instock","11":"shipping-taxable","12":"purchasable","13":"product-type-variable"},"_links":{"self":[{"href":"https:\/\/jnrvaper.fr\/de\/wp-json\/wp\/v2\/product\/451","targetHints":{"allow":["GET"]}}],"collection":[{"href":"https:\/\/jnrvaper.fr\/de\/wp-json\/wp\/v2\/product"}],"about":[{"href":"https:\/\/jnrvaper.fr\/de\/wp-json\/wp\/v2\/types\/product"}],"replies":[{"embeddable":true,"href":"https:\/\/jnrvaper.fr\/de\/wp-json\/wp\/v2\/comments?post=451"}],"wp:featuredmedia":[{"embeddable":true,"href":"https:\/\/jnrvaper.fr\/de\/wp-json\/wp\/v2\/media\/453"}],"wp:attachment":[{"href":"https:\/\/jnrvaper.fr\/de\/wp-json\/wp\/v2\/media?parent=451"}],"wp:term":[{"taxonomy":"product_brand","embeddable":true,"href":"https:\/\/jnrvaper.fr\/de\/wp-json\/wp\/v2\/product_brand?post=451"},{"taxonomy":"product_cat","embeddable":true,"href":"https:\/\/jnrvaper.fr\/de\/wp-json\/wp\/v2\/product_cat?post=451"},{"taxonomy":"product_tag","embeddable":true,"href":"https:\/\/jnrvaper.fr\/de\/wp-json\/wp\/v2\/product_tag?post=451"}],"curies":[{"name":"wp","href":"https:\/\/api.w.org\/{rel}","templated":true}]}}