{"id":320,"date":"2025-11-15T04:37:33","date_gmt":"2025-11-15T03:37:33","guid":{"rendered":"https:\/\/jnrvaper.fr\/?post_type=product&#038;p=320"},"modified":"2026-01-26T10:36:11","modified_gmt":"2026-01-26T09:36:11","slug":"peach-berry-jnr-fox-10000","status":"publish","type":"product","link":"https:\/\/jnrvaper.fr\/de\/produkt\/peach-berry-jnr-fox-10000\/","title":{"rendered":"Peach Berry JNR FOX 10000 \u2013 Wiederaufladbare Fruchtige Vape 10.000 Z\u00fcge"},"content":{"rendered":"<h3>\ud83c\udf51 Eine fruchtige Explosion inspiriert vom Sommer<\/h3>\n<p>Le <strong>Peach Berry JNR FOX 10000<\/strong> f\u00e4ngt das Wesen eines genussvollen Sommers ein. Die samtige S\u00fc\u00dfe des reifen Pfirsichs verschmilzt mit saftigen und leicht s\u00e4uerlichen Beeren, um ein ausgewogenes, frisches und nat\u00fcrlich s\u00fc\u00dfes Dampferlebnis zu bieten. Jeder Zug erinnert an einen Korb frisch gepfl\u00fcckter Fr\u00fcchte, ohne Schwere oder \u00dcberma\u00df.<\/p>\n<h3>\ud83c\udf3f Ein Geschmack, der anh\u00e4lt, Zug um Zug<\/h3>\n<p>Dank der Technologie <strong>Mesh Coil<\/strong>, bleiben die Aromen von Peach Berry vom ersten bis zum letzten Zug konstant und treu. R\u00fcckmeldungen von Dampfern heben eine stabile Aromawiedergabe hervor, ideal f\u00fcr den t\u00e4glichen Gebrauch, ohne Geschmacksverlust, selbst nach mehreren Nachf\u00fcllungen.<\/p>\n<h3>\u2699\ufe0f Leistung f\u00fcr Komfort gedacht<\/h3>\n<ul>\n<li><strong>Bis zu 10.000 Z\u00fcge<\/strong> f\u00fcr eine verl\u00e4ngerte Autonomie<\/li>\n<li><strong>Nachf\u00fcllbarer Tank mit 10 ml<\/strong> um die Lebensdauer zu verl\u00e4ngern<\/li>\n<li><strong>Wiederaufladbare 800 mAh Batterie<\/strong> mit USB-C-Anschluss<\/li>\n<li><strong>Nikotin 2 %<\/strong> f\u00fcr einen sanften und kontrollierten Hit<\/li>\n<li><strong>Dynamische LED-Beleuchtung<\/strong> f\u00fcr einen modernen Touch<\/li>\n<li><strong>TPD-Zertifizierung<\/strong> konform mit europ\u00e4ischen Standards<\/li>\n<\/ul>\n<h3>\u267b\ufe0f Verantwortungsvolle Qualit\u00e4t<\/h3>\n<p>Entworfen von der Marke JNR, vertrieben auf der offiziellen Website jnrvaper.fr, vereint der JNR FOX 10000 Vergn\u00fcgen und Verantwortung. Wiederaufladbar mit E-Liquid und Batterie, reduziert er Abfall und garantiert gleichzeitig ein zuverl\u00e4ssiges und sicheres Erlebnis.<\/p>","protected":false},"excerpt":{"rendered":"<p>Der Peach Berry JNR FOX 10000 bietet ein fruchtiges Vape-Erlebnis mit einer Mischung aus s\u00fc\u00dfem Pfirsich und frischen Beeren. Wiederaufladbar, bis zu 10.000 Z\u00fcge, 800 mAh Batterie und Nikotin 2 %, gew\u00e4hrleistet er einen konstanten und sommerlichen Geschmack.<\/p>","protected":false},"featured_media":322,"comment_status":"open","ping_status":"closed","template":"","meta":[],"product_brand":[],"product_cat":[75,32],"product_tag":[],"class_list":{"0":"post-320","1":"product","2":"type-product","3":"status-publish","4":"has-post-thumbnail","6":"product_cat-jnr-fox-10000-vape","7":"product_cat-peach-berry","9":"first","10":"instock","11":"shipping-taxable","12":"purchasable","13":"product-type-variable"},"_links":{"self":[{"href":"https:\/\/jnrvaper.fr\/de\/wp-json\/wp\/v2\/product\/320","targetHints":{"allow":["GET"]}}],"collection":[{"href":"https:\/\/jnrvaper.fr\/de\/wp-json\/wp\/v2\/product"}],"about":[{"href":"https:\/\/jnrvaper.fr\/de\/wp-json\/wp\/v2\/types\/product"}],"replies":[{"embeddable":true,"href":"https:\/\/jnrvaper.fr\/de\/wp-json\/wp\/v2\/comments?post=320"}],"wp:featuredmedia":[{"embeddable":true,"href":"https:\/\/jnrvaper.fr\/de\/wp-json\/wp\/v2\/media\/322"}],"wp:attachment":[{"href":"https:\/\/jnrvaper.fr\/de\/wp-json\/wp\/v2\/media?parent=320"}],"wp:term":[{"taxonomy":"product_brand","embeddable":true,"href":"https:\/\/jnrvaper.fr\/de\/wp-json\/wp\/v2\/product_brand?post=320"},{"taxonomy":"product_cat","embeddable":true,"href":"https:\/\/jnrvaper.fr\/de\/wp-json\/wp\/v2\/product_cat?post=320"},{"taxonomy":"product_tag","embeddable":true,"href":"https:\/\/jnrvaper.fr\/de\/wp-json\/wp\/v2\/product_tag?post=320"}],"curies":[{"name":"wp","href":"https:\/\/api.w.org\/{rel}","templated":true}]}}