{"id":1045,"date":"2025-11-19T03:06:25","date_gmt":"2025-11-19T02:06:25","guid":{"rendered":"https:\/\/jnrvaper.fr\/?post_type=product&#038;p=1045"},"modified":"2026-01-26T08:57:09","modified_gmt":"2026-01-26T07:57:09","slug":"watermelon-bubblegum-jnr-ragegorilla-55000-vape","status":"publish","type":"product","link":"https:\/\/jnrvaper.fr\/de\/produkt\/watermelon-bubblegum-jnr-ragegorilla-55000-vape\/","title":{"rendered":"Wassermelone Bubblegum JNR RageGorilla 55000 Vape K\u00f6stlicher Geschmack"},"content":{"rendered":"<h2>\ud83c\udf49 Eine Geschmacksexplosion: Watermelon Bubblegum Neu erfunden<\/h2>\n<p>Entdecken Sie das <b>JNR RageGorilla 55000 (Watermelon Bubblegum)<\/b>, eine k\u00fchne Einweg-E-Zigarette, die jeden Zug in ein einzigartiges Erlebnis verwandelt. Die saftige Frische der Wassermelone kombiniert mit der s\u00fc\u00dfen und spielerischen Note des Kaugummis, fesselt diese Geschmacksrichtung vom ersten Atemzug an und entf\u00fchrt Sie in ein sommerliches, k\u00f6stliches und unwiderstehliches Vape-Erlebnis.<\/p>\n<h3>\ud83d\udd25 Un\u00fcbertroffene Langlebigkeit f\u00fcr kompromissloses Vaping<\/h3>\n<p>Entwickelt, um lange zu halten, das <b>RageGorilla 55000<\/b> bietet bis zu <b>55.000 Z\u00fcge<\/b> dank seines gro\u00dfz\u00fcgigen Tanks von <b>42\u202fml E-Liquid<\/b> und seiner wiederaufladbaren Batterie von <b>950 mAh<\/b>. Diese Kombination erm\u00f6glicht es Ihnen, Ihre Lieblingsgeschmacksrichtung langfristig zu genie\u00dfen, ohne h\u00e4ufig das Ger\u00e4t wechseln zu m\u00fcssen, ideal f\u00fcr intensiven t\u00e4glichen Gebrauch. <\/p>\n<h3>\ud83d\udca8 Fortschrittliche Technologie f\u00fcr authentischen Geschmack und dichten Dampf<\/h3>\n<p>Ausgestattet mit einer <b>Dual Mesh Coil<\/b>, dieses Modell garantiert eine dichte Dampfproduktion und eine gleichm\u00e4\u00dfige Geschmackswiedergabe vom ersten bis zum letzten Zug, ohne Qualit\u00e4tsverlust. <\/p>\n<h3>\ud83d\udca8 Fortschrittliche Technologie f\u00fcr authentischen Geschmack und dichten Dampf<\/h3>\n<p>Ausgestattet mit einer <b>Dual Mesh Coil<\/b>, dieses Modell garantiert eine dichte Dampfproduktion und eine gleichm\u00e4\u00dfige Geschmackswiedergabe vom ersten bis zum letzten Zug, ohne Qualit\u00e4tsverlust. Ob Sie leichten oder strukturierten Dampf suchen, das Widerstandssystem optimiert jeden Zug und bewahrt die Authentizit\u00e4t der Mischung Watermelon Bubblegum. <\/p>\n<h3>\ud83d\udcca Intelligentes Display &amp; moderne Bequemlichkeit<\/h3>\n<p>Le <b>RageGorilla 55000<\/b> integriert ein <b>animierte Display<\/b> , das in Echtzeit den Batteriestand und die verbleibenden Z\u00fcge anzeigt, und Ihnen eine vollst\u00e4ndige und praktische Kontrolle \u00fcber Ihr Ger\u00e4t bietet. <\/p>\n<h3>\ud83d\udcca Intelligentes Display &amp; moderne Bequemlichkeit<\/h3>\n<p>Le <b>RageGorilla 55000<\/b> integriert ein <b>animierte Display<\/b> , das in Echtzeit den Batteriestand und die verbleibenden Z\u00fcge anzeigt, und Ihnen eine vollst\u00e4ndige und praktische Kontrolle \u00fcber Ihr Ger\u00e4t bietet. Wiederaufladbar \u00fcber USB\u2011C, kombiniert es Haltbarkeit und Benutzerfreundlichkeit. <\/p>\n<h3>\ud83d\udd0b Einfach zu bedienen, wartungsfrei<\/h3>\n<p>Das automatische Design ohne Knopf macht das Erlebnis flie\u00dfend: einfach inhalieren, um das Vape zu aktivieren. Verf\u00fcgbar in Nikotinkonzentrationen <b>2\u202f%<\/b> et <b>\ud83d\udce6 Premium-Design und Benutzerkomfort<\/b> (Nikotinsalze), passt sich dieses Vape Ihren Vorlieben an und bietet einen sanften oder ausgepr\u00e4gteren Zug je nach Stil. <\/p>\n<h3>\ud83d\udd0b Einfach zu bedienen, wartungsfrei<\/h3>\n<p>Das automatische Design ohne Knopf macht das Erlebnis flie\u00dfend: einfach inhalieren, um das Vape zu aktivieren. Verf\u00fcgbar in Nikotinkonzentrationen <b>2\u202f%<\/b> et <b>\ud83d\udce6 Premium-Design und Benutzerkomfort<\/b> (Nikotinsalze), passt sich dieses Vape Ihren Vorlieben an und bietet einen sanften oder ausgepr\u00e4gteren Zug je nach Stil. <\/p>\n<h3>\ud83c\udf1f Wichtige Vorteile<\/h3>\n<ul>\n<li><b>K\u00f6stlicher und origineller Geschmack<\/b> : Eine spielerische und ausgewogene Kombination aus frischer Wassermelone und s\u00fc\u00dfem Kaugummi.<\/li>\n<li><b>Au\u00dfergew\u00f6hnliche Kapazit\u00e4t<\/b> : Bis zu 55\u202f000 Z\u00fcge f\u00fcr wochenlangen intensiven Gebrauch.<\/li>\n<li><b>Moderne Technologie<\/b> : Dual-Mesh-Coil und intelligentes Display f\u00fcr leistungsstarkes und einfaches Vaping.<\/li>\n<li><b>Wiederaufladbar &amp; Praktisch <\/p>\n<h3>\ud83c\udf1f Wichtige Vorteile<\/h3>\n<ul>\n<li><b>K\u00f6stlicher und origineller Geschmack<\/b> : Eine spielerische und ausgewogene Kombination aus frischer Wassermelone und s\u00fc\u00dfem Kaugummi.<\/li>\n<li><b>Au\u00dfergew\u00f6hnliche Kapazit\u00e4t<\/b> : Bis zu 55\u202f000 Z\u00fcge f\u00fcr wochenlangen intensiven Gebrauch.<\/li>\n<li><b>Moderne Technologie<\/b> : Dual-Mesh-Coil und intelligentes Display f\u00fcr leistungsstarkes und einfaches Vaping.<\/li>\n<li><b>Wiederaufladbar &amp; Praktisch<\/b> : 950\u202fmAh Batterie mit USB\u2011C-Anschluss f\u00fcr verl\u00e4ngerbare Autonomie.<\/li>\n<\/ul>\n<h3>\ud83d\udccc Ein t\u00e4gliches Vape, einfach und k\u00f6stlich<\/h3>\n<p>Kompakt und robust, das <b>Watermelon Bubblegum JNR RageGorilla 55000<\/b> integriert sich leicht in Ihren Alltag \u2014 ob unterwegs, bei der Arbeit oder in der Pause. Sein k\u00f6stlicher Geschmack bleibt zart und niemals \u00fcberw\u00e4ltigend, selbst nach langen Sitzungen. Es ist die perfekte Wahl, wenn Sie ein zuverl\u00e4ssiges Vape suchen, reich an Geschmack und ohne Einschr\u00e4nkungen. <\/p>\n<h3>\u2753 FAQ \u2013 H\u00e4ufig gestellte Fragen<\/h3>\n<h4>Wie lange h\u00e4lt es typischerweise?<\/h4>\n<p>Mit bis zu <b>55.000 Z\u00fcge<\/b>, dieses Modell \u00fcbertrifft die Lebensdauer klassischer Z\u00fcge bei weitem und eignet sich besonders f\u00fcr t\u00e4gliche Dampfer. <\/p>\n<h4>Welche Nikotinkonzentrationen sind verf\u00fcgbar?<\/h4>\n<p>Erh\u00e4ltlich in <b>2\u202f%<\/b> f\u00fcr ein sanftes und ausgewogenes Gef\u00fchl oder in <b>\ud83d\udce6 Premium-Design und Benutzerkomfort<\/b> f\u00fcr einen intensiveren Hit,\u2753 FAQ \u2013 H\u00e4ufig gestellte Fragen<\/h3>\n<h4>Wie lange h\u00e4lt es typischerweise?<\/h4>\n<p>Mit bis zu <b>55.000 Z\u00fcge<\/b>, dieses Modell \u00fcbertrifft die Lebensdauer klassischer Z\u00fcge bei weitem und eignet sich besonders f\u00fcr t\u00e4gliche Dampfer. <\/p>\n<h4>Welche Nikotinkonzentrationen sind verf\u00fcgbar?<\/h4>\n<p>Erh\u00e4ltlich in <b>2\u202f%<\/b> f\u00fcr ein sanftes und ausgewogenes Gef\u00fchl oder in <b>\ud83d\udce6 Premium-Design und Benutzerkomfort<\/b> f\u00fcr einen intensiveren Hit, geeignet f\u00fcr verschiedene Dampferprofile. <\/p>\n<h4>Wie l\u00e4dt man das Ger\u00e4t auf?<\/h4>\n<p>Der Akku l\u00e4sst sich einfach \u00fcber einen modernen USB\u2011C-Anschluss aufladen, f\u00fcr eine verl\u00e4ngerte Nutzung ohne Unterbrechung. <\/p>","protected":false},"excerpt":{"rendered":"<p>Der Watermelon Bubblegum JNR RageGorilla 55000 ist eine hochleistungsf\u00e4hige Einweg-Vape, die bis zu 55.000 Z\u00fcge bietet. Mit 42 ml E-Liquid, wiederaufladbarem 950 mAh Akku, intelligentem Display und Dual Mesh Coil Technologie, genie\u00dfen Sie einen ausgewogenen, k\u00f6stlichen Geschmack von Wassermelone und Kaugummi.<\/p>","protected":false},"featured_media":1047,"comment_status":"open","ping_status":"closed","template":"","meta":[],"product_brand":[],"product_cat":[144,42],"product_tag":[],"class_list":{"0":"post-1045","1":"product","2":"type-product","3":"status-publish","4":"has-post-thumbnail","6":"product_cat-jnr-ragegorilla-55000-vape","7":"product_cat-watermelon-bubble-gum","9":"first","10":"instock","11":"shipping-taxable","12":"purchasable","13":"product-type-variable"},"_links":{"self":[{"href":"https:\/\/jnrvaper.fr\/de\/wp-json\/wp\/v2\/product\/1045","targetHints":{"allow":["GET"]}}],"collection":[{"href":"https:\/\/jnrvaper.fr\/de\/wp-json\/wp\/v2\/product"}],"about":[{"href":"https:\/\/jnrvaper.fr\/de\/wp-json\/wp\/v2\/types\/product"}],"replies":[{"embeddable":true,"href":"https:\/\/jnrvaper.fr\/de\/wp-json\/wp\/v2\/comments?post=1045"}],"wp:featuredmedia":[{"embeddable":true,"href":"https:\/\/jnrvaper.fr\/de\/wp-json\/wp\/v2\/media\/1047"}],"wp:attachment":[{"href":"https:\/\/jnrvaper.fr\/de\/wp-json\/wp\/v2\/media?parent=1045"}],"wp:term":[{"taxonomy":"product_brand","embeddable":true,"href":"https:\/\/jnrvaper.fr\/de\/wp-json\/wp\/v2\/product_brand?post=1045"},{"taxonomy":"product_cat","embeddable":true,"href":"https:\/\/jnrvaper.fr\/de\/wp-json\/wp\/v2\/product_cat?post=1045"},{"taxonomy":"product_tag","embeddable":true,"href":"https:\/\/jnrvaper.fr\/de\/wp-json\/wp\/v2\/product_tag?post=1045"}],"curies":[{"name":"wp","href":"https:\/\/api.w.org\/{rel}","templated":true}]}}