{"id":1026,"date":"2025-11-19T02:46:59","date_gmt":"2025-11-19T01:46:59","guid":{"rendered":"https:\/\/jnrvaper.fr\/?post_type=product&#038;p=1026"},"modified":"2026-01-26T08:58:57","modified_gmt":"2026-01-26T07:58:57","slug":"blueberry-ice-jnr-ragegorilla-55000-vape","status":"publish","type":"product","link":"https:\/\/jnrvaper.fr\/de\/produkt\/blueberry-ice-jnr-ragegorilla-55000-vape\/","title":{"rendered":"Blueberry Ice JNR RageGorilla 55000 Vape \u2013 Geschmack Gefrorene Blaubeere"},"content":{"rendered":"<h2>\ud83e\uded0 Blueberry Ice: Gefrorene Blaubeere f\u00fcr eine frische und k\u00f6stliche Vape<\/h2>\n<p>Entdecken Sie das <strong>Blueberry Ice JNR RageGorilla 55000<\/strong>, eine hochwertige Einweg-Vape von JNR, entwickelt, um bis zu <strong>55.000 Z\u00fcge<\/strong> fruchtigen und erfrischenden Genuss zu bieten. Diese Ausgabe kombiniert die nat\u00fcrliche S\u00fc\u00dfe von wilden Blaubeeren mit einem perfekt dosierten gefrorenen Touch f\u00fcr ein intensives, ausgewogenes und unvergessliches Vape-Erlebnis. Dank seiner fortschrittlichen Technologie liefert jeder Zug dichten und reichen Dampf, ideal f\u00fcr Liebhaber von fruchtigen und frischen Geschm\u00e4ckern.<\/p>\n<h3>\ud83d\ude80 Lang anhaltende Leistung und fortschrittliche Technologie<\/h3>\n<ul>\n<li><strong>Au\u00dfergew\u00f6hnliche Autonomie<\/strong> : Bis zu 55.000 Z\u00fcge dank eines vorgef\u00fcllten Premium-Tanks, <strong>42 ml E-Liquid<\/strong> perfekt f\u00fcr eine l\u00e4ngere Nutzung ohne h\u00e4ufigen Austausch. <\/li>\n<li><strong>Wiederaufladbare Batterie 950 mAh<\/strong> mit USB-C-Anschluss f\u00fcr schnelles und praktisches Aufladen, wodurch Ausfallzeiten reduziert werden. <\/li>\n<li><strong>Dual Mesh Coil<\/strong> : Technologie der Widerst\u00e4nde. <\/li>\n<li><strong>Wiederaufladbare Batterie 950 mAh<\/strong> mit USB-C-Anschluss f\u00fcr schnelles und praktisches Aufladen, wodurch Ausfallzeiten reduziert werden. &gt; **JNR RageGorilla 55K Einweg-Vape \u2013 55.000 Z\u00fcge<\/strong> : Sanfter und befriedigender Zug, perfekt f\u00fcr regelm\u00e4\u00dfige Nutzung und moderate Dampfer. <\/li>\n<li><strong>5\u202f% (50 mg\/ml)<\/strong> : Intensiveres Gef\u00fchl f\u00fcr starke Raucher, die erh\u00f6hte Zufriedenheit suchen. <\/li>\n<\/ul>\n<p>Diese Formulierungen garantieren einen angenehmen Hit <\/p>\n<h3>\ud83d\udcca Optionen f\u00fcr Nikotin und Zug<\/h3>\n<p>Das Modell ist in zwei Konzentrationen von Nikotinsalzen erh\u00e4ltlich:<\/p>\n<ul>\n<li><strong>2\u202f% (20 mg\/ml)<\/strong> : Sanfter und befriedigender Zug, perfekt f\u00fcr regelm\u00e4\u00dfige Nutzung und moderate Dampfer. &gt; **Blueberry Ice JNR Rage Gorilla 55.000 Z\u00fcge | Frische &amp; kraftvolle Vape<\/strong> : Intensiveres Gef\u00fchl f\u00fcr starke Raucher, die erh\u00f6hte Zufriedenheit suchen. &gt; **[JNR RageGorilla 55000 Z\u00fcge Einweg-Vape \u2013 42ml]( \u00b7 *vapeglade.com* &gt; Lang anhaltendes Dampfen mit JNR RageGorilla 55000 Z\u00fcgen. 42ml E-Liquid, Dual-Mesh-Coils, 2% Nikotin, 950mAh wiederaufladbar, 20 Geschm\u00e4cker. <\/li>\n<\/ul>\n<p>Diese Formulierungen garantieren einen angenehmen Hit und eine effektive Absorption, w\u00e4hrend sie komfortabel f\u00fcr den Gaumen bleiben.<\/p>\n<h3>\ud83d\udd11 Wichtige Vorteile<\/h3>\n<ul>\n<li><strong>Unvergleichlicher fruchtiger und frischer Geschmack<\/strong> : Perfekt ausgewogene Blueberry Ice. <\/li>\n<li><strong>Rekord-Autonomie<\/strong> : 55.000 Z\u00fcge f\u00fcr maximale Seelenruhe. <\/li>\n<li><strong>Spitzentechnologie<\/strong> : Dual-Mesh-Coil und intelligenter Bildschirm f\u00fcr ein Premium-Erlebnis. <\/li>\n<li><strong>: 55.000 Z\u00fcge f\u00fcr maximale Seelenruhe. &gt; **[Blueberry Ice JNR Rage Gorilla 55.000 Z\u00fcge | Frische &amp; kraftvolle Vape]( \u00b7 *JNR Puff* &gt; Der Blueberry Ice JNR Rage Gorilla 55.000 Z\u00fcge kombiniert einen frischen gefrorenen Blaubeergeschmack, eine gro\u00dfe Akkulaufzeit und fortschrittliche Technologie f\u00fcr eine einfache, langlebige und komfortable Vape. <\/li>\n<li><strong>Rekord-Autonomie<\/strong> : Dual-Mesh-Coil und intelligenter Bildschirm f\u00fcr ein Premium-Erlebnis. &gt; **[JNR RageGorilla 55K Einweg-Vape \u2013 55.000 Z\u00fcge]( \u00b7 *zeyovape* &gt; Erleben Sie die JNR RageGorilla 55000 \u2014 eine hochkapazitive Einweg-Vape, die bis zu 55.000 Z\u00fcge liefert. Angetrieben von einem 950mAh Typ-C wiederaufladbaren Akku und gef\u00fcllt mit 42ml E-Liquid, bietet sie au\u00dfergew\u00f6hnliche Langlebigkeit. Die Dual-Mesh-Coil sorgt f\u00fcr reicheren Dampf und Geschmacksbest\u00e4ndigkeit, w\u00e4hrend der intelligente LED-Bildschirm den Akku- und E-Liquid-Stand in Echtzeit anzeigt. Mit einer sanften 2% Nikotin-Formulierung, diese \u2026. <\/li>\n<li><strong>Spitzentechnologie<\/strong> : Automatische Aktivierung, wiederaufladbar und wartungsfrei. <\/li>\n<li><strong>Einfache Handhabung<\/strong> JNR MEGA SHISHA HOOKAH 100000 Blueberry Ice Vape Premium. <\/li>\n<\/ul>\n<h3>\ud83d\udccd F\u00fcr Wen?<\/h3>\n<p>Dieses Ger\u00e4t ist ideal f\u00fcr Dampfer, die eine langlebige, schmackhafte und einfach zu bedienende Vape suchen, egal ob sie neu in der Welt des Dampfens sind oder erfahren. Seine Kombination aus Leistung, Geschmack und Komfort macht es zu einer der besten Entscheidungen in seiner Kategorie.<\/p>","protected":false},"excerpt":{"rendered":"<p>Der Blueberry Ice JNR RageGorilla 55000 bietet einen intensiven und ausgewogenen gefrorenen Blaubeergeschmack mit bis zu 55.000 Z\u00fcgen.\n<\/li>\n<\/ul>\n<h3>\ud83d\udccd F\u00fcr Wen?<\/h3>\n<p>Dieses Ger\u00e4t ist ideal f\u00fcr Dampfer, die eine langlebige, schmackhafte und einfach zu bedienende Vape suchen, egal ob sie neu in der Welt des Dampfens sind oder erfahren. Seine Kombination aus Leistung, Geschmack und Komfort macht es zu einer der besten Entscheidungen in seiner Kategorie.<\/p>","protected":false},"featured_media":1028,"comment_status":"open","ping_status":"closed","template":"","meta":[],"product_brand":[],"product_cat":[144,76],"product_tag":[],"class_list":{"0":"post-1026","1":"product","2":"type-product","3":"status-publish","4":"has-post-thumbnail","6":"product_cat-jnr-ragegorilla-55000-vape","7":"product_cat-blueberry-ice","9":"first","10":"instock","11":"shipping-taxable","12":"purchasable","13":"product-type-variable"},"_links":{"self":[{"href":"https:\/\/jnrvaper.fr\/de\/wp-json\/wp\/v2\/product\/1026","targetHints":{"allow":["GET"]}}],"collection":[{"href":"https:\/\/jnrvaper.fr\/de\/wp-json\/wp\/v2\/product"}],"about":[{"href":"https:\/\/jnrvaper.fr\/de\/wp-json\/wp\/v2\/types\/product"}],"replies":[{"embeddable":true,"href":"https:\/\/jnrvaper.fr\/de\/wp-json\/wp\/v2\/comments?post=1026"}],"wp:featuredmedia":[{"embeddable":true,"href":"https:\/\/jnrvaper.fr\/de\/wp-json\/wp\/v2\/media\/1028"}],"wp:attachment":[{"href":"https:\/\/jnrvaper.fr\/de\/wp-json\/wp\/v2\/media?parent=1026"}],"wp:term":[{"taxonomy":"product_brand","embeddable":true,"href":"https:\/\/jnrvaper.fr\/de\/wp-json\/wp\/v2\/product_brand?post=1026"},{"taxonomy":"product_cat","embeddable":true,"href":"https:\/\/jnrvaper.fr\/de\/wp-json\/wp\/v2\/product_cat?post=1026"},{"taxonomy":"product_tag","embeddable":true,"href":"https:\/\/jnrvaper.fr\/de\/wp-json\/wp\/v2\/product_tag?post=1026"}],"curies":[{"name":"wp","href":"https:\/\/api.w.org\/{rel}","templated":true}]}}