{"id":2942,"date":"2026-01-27T07:14:44","date_gmt":"2026-01-27T06:14:44","guid":{"rendered":"https:\/\/jnrvaper.fr\/?page_id=2942"},"modified":"2026-01-27T08:17:34","modified_gmt":"2026-01-27T07:17:34","slug":"contactez-nous","status":"publish","type":"page","link":"https:\/\/jnrvaper.fr\/de\/contactez-nous\/","title":{"rendered":"Kontaktieren Sie uns"},"content":{"rendered":"<section id=\"contact\">\n<h2>Kontaktieren Sie uns<\/h2>\n<p class=\"contact-info\">Wir sind 7 Tage die Woche f\u00fcr Sie da.<\/p>\n<p><strong>Kundenservice JNR Vape Frankreich<\/strong><\/p>\n<ul>\n<li>\ud83d\udce7 E-Mail : <a href=\"mailto:info@jnrvaper.fr\">info@jnrvaper.fr<\/a> (Antwort innerhalb von 24\u201348 Stunden)<\/li>\n<li>\ud83d\udcac Live-Chat: verf\u00fcgbar auf der Website (Symbol unten rechts)<\/li>\n<li>\ud83d\udcde Telefon: +86 13110666132 (\u00d6ffnungszeiten: Mo\u2013Fr 10\u201318 Uhr)<\/li>\n<li>\ud83d\udccd R\u00fccksendeadresse: JNR Vaper \u2013 R\u00fccksendeservice, 13 Rue Fr\u00e9d\u00e9ric Cailliaud, Frankreich<\/li>\n<\/ul>\n<p>Bei Fragen zu einer Bestellung, einem Produkt oder einer Gro\u00dfhandelsanfrage, z\u00f6gern Sie nicht!<\/p>\n<\/section>","protected":false},"excerpt":{"rendered":"<p>Kontaktieren Sie uns Wir sind 7 Tage die Woche f\u00fcr Sie da. Kundenservice JNR Vape Frankreich \ud83d\udce7 E-Mail: info@jnrvaper.fr (Antwort innerhalb von 24\u201348 Stunden) \ud83d\udcac Live-Chat:\u2026<\/p>","protected":false},"author":1,"featured_media":0,"parent":0,"menu_order":0,"comment_status":"closed","ping_status":"closed","template":"","meta":{"footnotes":""},"class_list":["post-2942","page","type-page","status-publish","hentry"],"_links":{"self":[{"href":"https:\/\/jnrvaper.fr\/de\/wp-json\/wp\/v2\/pages\/2942","targetHints":{"allow":["GET"]}}],"collection":[{"href":"https:\/\/jnrvaper.fr\/de\/wp-json\/wp\/v2\/pages"}],"about":[{"href":"https:\/\/jnrvaper.fr\/de\/wp-json\/wp\/v2\/types\/page"}],"author":[{"embeddable":true,"href":"https:\/\/jnrvaper.fr\/de\/wp-json\/wp\/v2\/users\/1"}],"replies":[{"embeddable":true,"href":"https:\/\/jnrvaper.fr\/de\/wp-json\/wp\/v2\/comments?post=2942"}],"version-history":[{"count":3,"href":"https:\/\/jnrvaper.fr\/de\/wp-json\/wp\/v2\/pages\/2942\/revisions"}],"predecessor-version":[{"id":2982,"href":"https:\/\/jnrvaper.fr\/de\/wp-json\/wp\/v2\/pages\/2942\/revisions\/2982"}],"wp:attachment":[{"href":"https:\/\/jnrvaper.fr\/de\/wp-json\/wp\/v2\/media?parent=2942"}],"curies":[{"name":"wp","href":"https:\/\/api.w.org\/{rel}","templated":true}]}}