{"id":2939,"date":"2026-01-27T07:14:27","date_gmt":"2026-01-27T06:14:27","guid":{"rendered":"https:\/\/jnrvaper.fr\/?page_id=2939"},"modified":"2026-01-27T08:15:47","modified_gmt":"2026-01-27T07:15:47","slug":"a-propos","status":"publish","type":"page","link":"https:\/\/jnrvaper.fr\/de\/a-propos\/","title":{"rendered":"\u00dcber uns"},"content":{"rendered":"<section id=\"about\">\n<h2>\u00dcber JNR Vape<\/h2>\n<p>JNR Vape ist die franz\u00f6sische Referenzmarke im Bereich <strong>Einweg-E-Zigaretten<\/strong> (Puffs) der Spitzenklasse. Gegr\u00fcndet auf dem Prinzip \u00abJust No Reason\u00bb, verk\u00f6rpert JNR Freiheit, Innovation und kompromisslosen Genuss.<\/p>\n<p>Wir bieten eine breite Palette von Einweg-Puffs mit au\u00dfergew\u00f6hnlicher Leistung: von 10.000 bis \u00fcber 40.000 Z\u00fcgen, mit fruchtigen, mentholhaltigen, k\u00f6stlichen und originellen Geschmacksrichtungen, hergestellt mit hochwertigen Zutaten, die den europ\u00e4ischen Vorschriften (TPD) entsprechen.<\/p>\n<p>Bei JNR Vape France verpflichten wir uns, Folgendes zu bieten:<\/p>\n<ul>\n<li>Zuverl\u00e4ssige und getestete Produkte<\/li>\n<li>Dichten und konstanten Dampf dank der Mesh-Coil-Technologie<\/li>\n<li>Lang anhaltende Batterien (oft USB-C wiederaufladbar)<\/li>\n<li>Schnelle Lieferung in ganz Frankreich<\/li>\n<li>Einen reaktionsschnellen Kundenservice, der auf Sie h\u00f6rt<\/li>\n<\/ul>\n<p>Willkommen in der JNR-Welt \u2013 dampfen Sie ohne Grund, einfach zum Vergn\u00fcgen!<\/p>\n<\/section>","protected":false},"excerpt":{"rendered":"<p>\u00dcber JNR Vape JNR Vape ist die franz\u00f6sische Referenzmarke f\u00fcr hochwertige Einweg-E-Zigaretten (Puffs). Gegr\u00fcndet auf\u2026<\/p>","protected":false},"author":1,"featured_media":0,"parent":0,"menu_order":0,"comment_status":"closed","ping_status":"closed","template":"","meta":{"footnotes":""},"class_list":["post-2939","page","type-page","status-publish","hentry"],"_links":{"self":[{"href":"https:\/\/jnrvaper.fr\/de\/wp-json\/wp\/v2\/pages\/2939","targetHints":{"allow":["GET"]}}],"collection":[{"href":"https:\/\/jnrvaper.fr\/de\/wp-json\/wp\/v2\/pages"}],"about":[{"href":"https:\/\/jnrvaper.fr\/de\/wp-json\/wp\/v2\/types\/page"}],"author":[{"embeddable":true,"href":"https:\/\/jnrvaper.fr\/de\/wp-json\/wp\/v2\/users\/1"}],"replies":[{"embeddable":true,"href":"https:\/\/jnrvaper.fr\/de\/wp-json\/wp\/v2\/comments?post=2939"}],"version-history":[{"count":3,"href":"https:\/\/jnrvaper.fr\/de\/wp-json\/wp\/v2\/pages\/2939\/revisions"}],"predecessor-version":[{"id":2980,"href":"https:\/\/jnrvaper.fr\/de\/wp-json\/wp\/v2\/pages\/2939\/revisions\/2980"}],"wp:attachment":[{"href":"https:\/\/jnrvaper.fr\/de\/wp-json\/wp\/v2\/media?parent=2939"}],"curies":[{"name":"wp","href":"https:\/\/api.w.org\/{rel}","templated":true}]}}