{"id":919,"date":"2025-11-18T09:20:33","date_gmt":"2025-11-18T08:20:33","guid":{"rendered":"https:\/\/jnrvaper.fr\/?post_type=product&#038;p=919"},"modified":"2026-01-26T09:13:20","modified_gmt":"2026-01-26T08:13:20","slug":"cherry-strawberry-raspberry-jnr-media-max-40000-vape","status":"publish","type":"product","link":"https:\/\/jnrvaper.fr\/da\/vare\/cherry-strawberry-raspberry-jnr-media-max-40000-vape\/","title":{"rendered":"Kirseb\u00e6r Jordb\u00e6r Hindb\u00e6r JNR Media Max 40000 Vape Frugtagtig Kraftfuld"},"content":{"rendered":"<h2>\ud83c\udf52\u2728 En Eksplosion af B\u00e6r med <strong>Kirseb\u00e6r Jordb\u00e6r Hindb\u00e6r<\/strong> p\u00e5 <strong>JNR Media Max 40000<\/strong><\/h2>\n<p>Oplev den perfekte kombination af tre ikoniske r\u00f8de frugter: den <strong>kirseb\u00e6r<\/strong> s\u00f8de, den <strong>jordb\u00e6r<\/strong> saftige og den <strong>hindb\u00e6r<\/strong> let syrlige. Hvert pust transporterer dig til hjertet af en vild b\u00e6rhave, der tilbyder en rig, afbalanceret og dybt frugtagtig smag, der gl\u00e6der ganen hos elskere af frugtige vapes.<\/p>\n<h3>\ud83d\udd0b Enest\u00e5ende Ydeevne &amp; Rekord Autonomi<\/h3>\n<p>Le <strong>JNR Media Max 40000<\/strong> er meget mere end en simpel engangsenhed: den tilbyder op til <strong>40.000 sug<\/strong> takket v\u00e6re dens genopladelige batteri p\u00e5 <strong>1000 mAh<\/strong> og dens e-v\u00e6ske kapacitet p\u00e5 <strong>21 ml<\/strong>, langt over de fleste klassiske engangsvapes. Denne kombination garanterer en forl\u00e6nget oplevelse uden at g\u00e5 p\u00e5 kompromis med smagsintensiteten. Afh\u00e6ngigt af dine pr\u00e6ferencer kan batteriet hurtigt genoplades via USB-C for at genoptage vaping p\u00e5 et \u00f8jeblik. &gt; **JNR MediaMax 40k Vape Review and Expert Guide | Vapesourcing og er kun beregnet til voksne. Brug det ansvarligt, hold det uden for b\u00f8rns og dyrs r\u00e6kkevidde, og fors\u00f8g ikke at skille enheden ad. Hvis du f\u00f8ler ubehag, stop straks og konsulter en sundhedsprofessionel.<\/p>\n<h3>\u2753 Hurtig FAQ<\/h3>\n<p><strong>Q: Hvad er batteriets levetid?<\/strong><br \/>R: Det genopladelige batteri p\u00e5 <strong>1000 mAh<\/strong> er designet til at holde indtil slutningen af e-v\u00e6sken p\u00e5 <strong>21 ml<\/strong>, med stabil ydeevne indtil det sidste pust.<\/p>\n<p><strong>Q: Hvilke nikotinkoncentrationer er tilg\u00e6ngelige?<\/strong><br \/>R: Denne model tilbydes med nikotinniveauer p\u00e5 <strong>2 %<\/strong> et <strong>5 %<\/strong> for at tilpasse sig dine behov.<\/p>\n<p><strong>Q: Er den nem at bruge for begyndere?<\/strong><br \/>R: Ja, aktivering sker ved inhalation, og den ber\u00f8ringsf\u00f8lsomme gr\u00e6nseflade guider nemt indstillingerne.<\/p>","protected":false},"excerpt":{"rendered":"<p>Nyd den intense kombination af kirseb\u00e6r, jordb\u00e6r og hindb\u00e6r med JNR Media Max 40000. Innovativ engangsvape, der tilbyder op til 40.000 pust, HD-sk\u00e6rm, tilsluttede funktioner og genopladeligt batteri for en langvarig frugtagtig oplevelse.<\/p>","protected":false},"featured_media":921,"comment_status":"open","ping_status":"closed","template":"","meta":[],"product_brand":[],"product_cat":[134,138],"product_tag":[],"class_list":{"0":"post-919","1":"product","2":"type-product","3":"status-publish","4":"has-post-thumbnail","6":"product_cat-jnr-media-max-40000-vape","7":"product_cat-cherry-strawberry-raspberry","9":"first","10":"instock","11":"shipping-taxable","12":"purchasable","13":"product-type-variable"},"_links":{"self":[{"href":"https:\/\/jnrvaper.fr\/da\/wp-json\/wp\/v2\/product\/919","targetHints":{"allow":["GET"]}}],"collection":[{"href":"https:\/\/jnrvaper.fr\/da\/wp-json\/wp\/v2\/product"}],"about":[{"href":"https:\/\/jnrvaper.fr\/da\/wp-json\/wp\/v2\/types\/product"}],"replies":[{"embeddable":true,"href":"https:\/\/jnrvaper.fr\/da\/wp-json\/wp\/v2\/comments?post=919"}],"wp:featuredmedia":[{"embeddable":true,"href":"https:\/\/jnrvaper.fr\/da\/wp-json\/wp\/v2\/media\/921"}],"wp:attachment":[{"href":"https:\/\/jnrvaper.fr\/da\/wp-json\/wp\/v2\/media?parent=919"}],"wp:term":[{"taxonomy":"product_brand","embeddable":true,"href":"https:\/\/jnrvaper.fr\/da\/wp-json\/wp\/v2\/product_brand?post=919"},{"taxonomy":"product_cat","embeddable":true,"href":"https:\/\/jnrvaper.fr\/da\/wp-json\/wp\/v2\/product_cat?post=919"},{"taxonomy":"product_tag","embeddable":true,"href":"https:\/\/jnrvaper.fr\/da\/wp-json\/wp\/v2\/product_tag?post=919"}],"curies":[{"name":"wp","href":"https:\/\/api.w.org\/{rel}","templated":true}]}}