{"id":913,"date":"2025-11-18T09:17:13","date_gmt":"2025-11-18T08:17:13","guid":{"rendered":"https:\/\/jnrvaper.fr\/?post_type=product&#038;p=913"},"modified":"2026-01-26T09:14:23","modified_gmt":"2026-01-26T08:14:23","slug":"blueberry-watermelon-jnr-media-max-40000-vape","status":"publish","type":"product","link":"https:\/\/jnrvaper.fr\/da\/vare\/blueberry-watermelon-jnr-media-max-40000-vape\/","title":{"rendered":"Bl\u00e5b\u00e6r Vandmelon JNR Media Max 40000 Vape Smart Frugtsmag"},"content":{"rendered":"<h2>\ud83e\uded0 Uforglemmelig Frugtsmag: <strong>Bl\u00e5b\u00e6r Vandmelon<\/strong><\/h2>\n<p>Udforsk den perfekte harmoni mellem den s\u00f8de bl\u00f8dhed af modne bl\u00e5b\u00e6r og den saftige friskhed af vandmelon i denne specialudgave <strong>Bl\u00e5b\u00e6r Vandmelon<\/strong> du <strong>JNR Media Max 40000<\/strong>. En rig og afbalanceret sommerlig smagseksplosion, der fortryller hvert sug og gl\u00e6der elskere af intense frugtsmage.<\/p>\n<h3>\ud83d\udca1 En Revolutionerende Engangs Vape<\/h3>\n<p>Le <strong>JNR Media Max 40000<\/strong> skubber gr\u00e6nserne for traditionelle engangs vapes med innovationer, der aldrig er set f\u00f8r. Udstyret med en gener\u00f8s tank p\u00e5 <strong>21 ml<\/strong> e-v\u00e6ske og et genopladeligt batteri p\u00e5 <strong>1000 mAh<\/strong>, tilbyder den op til <strong>40.000 sug<\/strong> i Regular eller <strong>20 000<\/strong> Pulse mode afh\u00e6ngigt af din vape-stil for forl\u00e6ngede sessioner uden afbrydelse. Dens ergonomiske og lette design g\u00f8r den ideel at have med i hverdagen.<\/p>\n<h3>\ud83d\udcf1 2,4\" HD-sk\u00e6rm &amp; Smarte Funktioner<\/h3>\n<p>En af de mest bem\u00e6rkelsesv\u00e6rdige fordele ved Media Max er dens 2,4 tommer HD-touchsk\u00e6rm, <strong>2,4 pouces<\/strong>, qui affiche clairement le nombre de bouff\u00e9es, le niveau de batterie et vous donne acc\u00e8s \u00e0 des fonctions connect\u00e9es innovantes. Gr\u00e2ce \u00e0 la connectivit\u00e9 Bluetooth, vous pouvez recevoir ou passer des appels, envoyer des messages simples et m\u00eame utiliser la fonction <strong>Remote Camera<\/strong> \ud83d\udd0b Avanceret Teknologi og Vape Ydeevne.<\/p>\n<h3>Udstyret med dobbelt mesh coil modstande, sikrer Media Max en t\u00e6t dampproduktion og en enest\u00e5ende smagsgengivelse. Du vil nyde et bl\u00f8dt og tilfredsstillende sug (MTL), perfekt til at afsl\u00f8re hele rigdommen af kombinationen<\/h3>\n<p>. Desuden, selvom luftstr\u00f8mmen er fastsat fra fabrikken, sikrer det smarte design en j\u00e6vn og konstant inhalation fra start til slut. <strong>Bl\u00e5b\u00e6r Vandmelon<\/strong>. \ud83d\udccd Praktiske Tilsluttede Funktioner.<\/p>\n<h3>: lokaliser hurtigt din enhed eller din telefon.<\/h3>\n<ul>\n<li><strong>Find Your Phone \/ Vape<\/strong> Bluetooth Notifikationer.<\/li>\n<li><strong>: se modtagne opkald og beskeder uden at tage din telefon frem.<\/strong> : tag nemt gruppebilleder.<\/li>\n<li><strong>Remote Camera<\/strong> \u26a1 Batterilevetid &amp; Brugervenlighed.<\/li>\n<\/ul>\n<h3>Media Max er designet til at holde. Dens Type-C genopladelige batteri giver dig mulighed for fuldt ud at udnytte dens funktioner og nyde mange sug med en enkelt opladning. Nem at bruge, selv begyndere vil s\u00e6tte pris p\u00e5 dens automatiske aktivering ved inhalation og dens intuitive interface.<\/h3>\n<p>Markedsanmeldelser fremh\u00e6ver originaliteten af denne enhed: dens imponerende levetid, den j\u00e6vne sugning samt innovationen bragt af de tilsluttede funktioner tiltr\u00e6kker is\u00e6r dampere, der er nysgerrige efter nye teknologier, samtidig med at de bevarer en rig og behagelig vape-oplevelse.<\/p>\n<h3>Feedback fra vapere bekr\u00e6fter, at<\/h3>\n<p>Les avis du march\u00e9 soulignent l\u2019originalit\u00e9 de cet appareil : sa dur\u00e9e de vie impressionnante, la fluidit\u00e9 du tirage, ainsi que l\u2019innovation apport\u00e9e par les fonctionnalit\u00e9s connect\u00e9es s\u00e9duisent particuli\u00e8rement les vapoteurs curieux de technologies nouvelles tout en conservant une exp\u00e9rience de vape riche et agr\u00e9able.<\/p>\n<h3>Dette produkt indeholder nikotin (2 % eller 5 %) og er beregnet til voksne rygere. Opbevar det utilg\u00e6ngeligt for b\u00f8rn og dyr. Hvis du f\u00f8ler dig utilpas, skal du straks stoppe med at bruge det.<\/h3>\n<p>Cherry Strawberry Raspberry JNR Media Max 40000 Kraftig Frugt Vape.<\/p>","protected":false},"excerpt":{"rendered":"<p>Oplev den revolutionerende vape <strong>JNR Media Max 40000<\/strong> i smag <strong>Bl\u00e5b\u00e6r Vandmelon<\/strong> : en uimodst\u00e5elig frugtsmag, op til 40.000 sug, 2,4\" HD-sk\u00e6rm og smarte funktioner som opkald, beskeder og fjernkamera for en unik oplevelse.<\/p>","protected":false},"featured_media":915,"comment_status":"open","ping_status":"closed","template":"","meta":[],"product_brand":[],"product_cat":[134,136],"product_tag":[],"class_list":{"0":"post-913","1":"product","2":"type-product","3":"status-publish","4":"has-post-thumbnail","6":"product_cat-jnr-media-max-40000-vape","7":"product_cat-blueberry-watermelon","9":"first","10":"instock","11":"shipping-taxable","12":"purchasable","13":"product-type-variable"},"_links":{"self":[{"href":"https:\/\/jnrvaper.fr\/da\/wp-json\/wp\/v2\/product\/913","targetHints":{"allow":["GET"]}}],"collection":[{"href":"https:\/\/jnrvaper.fr\/da\/wp-json\/wp\/v2\/product"}],"about":[{"href":"https:\/\/jnrvaper.fr\/da\/wp-json\/wp\/v2\/types\/product"}],"replies":[{"embeddable":true,"href":"https:\/\/jnrvaper.fr\/da\/wp-json\/wp\/v2\/comments?post=913"}],"wp:featuredmedia":[{"embeddable":true,"href":"https:\/\/jnrvaper.fr\/da\/wp-json\/wp\/v2\/media\/915"}],"wp:attachment":[{"href":"https:\/\/jnrvaper.fr\/da\/wp-json\/wp\/v2\/media?parent=913"}],"wp:term":[{"taxonomy":"product_brand","embeddable":true,"href":"https:\/\/jnrvaper.fr\/da\/wp-json\/wp\/v2\/product_brand?post=913"},{"taxonomy":"product_cat","embeddable":true,"href":"https:\/\/jnrvaper.fr\/da\/wp-json\/wp\/v2\/product_cat?post=913"},{"taxonomy":"product_tag","embeddable":true,"href":"https:\/\/jnrvaper.fr\/da\/wp-json\/wp\/v2\/product_tag?post=913"}],"curies":[{"name":"wp","href":"https:\/\/api.w.org\/{rel}","templated":true}]}}