{"id":840,"date":"2025-11-18T07:32:35","date_gmt":"2025-11-18T06:32:35","guid":{"rendered":"https:\/\/jnrvaper.fr\/?post_type=product&#038;p=840"},"modified":"2026-01-26T09:23:51","modified_gmt":"2026-01-26T08:23:51","slug":"strawberry-banana-jnr-tank-pro-33000","status":"publish","type":"product","link":"https:\/\/jnrvaper.fr\/da\/vare\/strawberry-banana-jnr-tank-pro-33000\/","title":{"rendered":"Strawberry Banana JNR TANK PRO 33000 Moden jordb\u00e6rs syrlige s\u00f8dme"},"content":{"rendered":"<h2>\ud83c\udf4c Den Klassiske Cremede Jordb\u00e6r Banan: JNR TANK PRO 33000<\/h2>\n<p data-path-to-node=\"7\">F\u00e5s eksklusivt p\u00e5 din betroede platform, <a href=\"https:\/\/jnrvaper.fr\/da\/\"><b>jnrvaper.fr<\/b><\/a>, den nye <b>JNR TANK PRO 33000<\/b> er her for at omdefinere din vape-pause. Den <b>Jordb\u00e6r Banan<\/b> af den nye <a href=\"https:\/\/jnrvaper.fr\/da\/product-category\/jnr-tank-pro-33000-vape\/\"><b>JNR TANK PRO 33000<\/b><\/a> er en ikonisk og l\u00e6kker kombination. Denne blanding kombinerer den syrlige s\u00f8dme af modne jordb\u00e6r med den cremede rigdom af banan. Hver ind\u00e5nding tilbyder en glat og cremet tekstur, der minder om smagen af en perfekt blandet smoothie. Denne smagsprofil er en stor klassiker, ideel for dem, der s\u00f8ger en frugtagtig, s\u00f8d og rund vape uden nogen skarp eller iset note.<br \/>\n<img decoding=\"async\" class=\"alignnone wp-image-813 size-full\" loading=\"lazy\" src=\"https:\/\/jnrvaper.fr\/wp-content\/uploads\/2025\/11\/TANK-PRO1.jpg\" alt=\"\" width=\"1920\" height=\"1080\" srcset=\"https:\/\/jnrvaper.fr\/wp-content\/uploads\/2025\/11\/TANK-PRO1.jpg 1920w, https:\/\/jnrvaper.fr\/wp-content\/uploads\/2025\/11\/TANK-PRO1-600x338.jpg 600w, https:\/\/jnrvaper.fr\/wp-content\/uploads\/2025\/11\/TANK-PRO1-300x169.jpg 300w, https:\/\/jnrvaper.fr\/wp-content\/uploads\/2025\/11\/TANK-PRO1-1024x576.jpg 1024w, https:\/\/jnrvaper.fr\/wp-content\/uploads\/2025\/11\/TANK-PRO1-768x432.jpg 768w, https:\/\/jnrvaper.fr\/wp-content\/uploads\/2025\/11\/TANK-PRO1-1536x864.jpg 1536w\" sizes=\"auto, (max-width: 1920px) 100vw, 1920px\" \/><\/p>\n<h3>\ud83d\udca8 Monumentale Ydeevne: JNR TANK PRO 33000<\/h3>\n<p data-path-to-node=\"9\">Le <b>JNR TANK PRO 33000<\/b> er designet til kr\u00e6vende dampere, der n\u00e6gter at g\u00e5 p\u00e5 kompromis mellem smag og batterilevetid. Med en imponerende kapacitet p\u00e5 <b>33000 Puffs<\/b> garanteret, omdefinerer denne enhed holdbarheden i verdenen af genopladelige engangs. Den er udstyret med en tank p\u00e5 <b>\u00c6gte 28ml<\/b> e-v\u00e6ske, tilg\u00e6ngelig i styrker af <b>Nikotin: 2% \/ 5%<\/b>, hvilket sikrer uger, endda m\u00e5neder, af uafbrudt forn\u00f8jelse. Dens batteri p\u00e5 <b>850mAh<\/b> er let genopladeligt via en port <b>Type-C opladningsport<\/b>, der tilbyder moderne bekvemmelighed til forl\u00e6nget brug.<\/p>\n<h3>\u2699\ufe0f Avanceret Teknologi og Total Kontrol<\/h3>\n<p data-path-to-node=\"11\">I hjertet af <b>JNR TANK PRO 33000<\/b> ligger teknologien <b>Dual Mesh Coil<\/b>, der sikrer en j\u00e6vn opvarmning og en smagsgengivelse <b>Jordb\u00e6r Banan<\/b> utrolig trov\u00e6rdig fra start til slut. Men det, der virkelig adskiller denne model, er dens <b>LED-sk\u00e6rm (Smart Screen)<\/b>. Denne smarte sk\u00e6rm giver vigtige oplysninger i realtid, der angiver <b>Klart angive batteri- og e-v\u00e6skeniveau<\/b>. Derudover har du mulighed for at justere din vape-oplevelse takket v\u00e6re funktionen <b>Str\u00f8mjustering: 15W &amp; 20W<\/b>, der giver dig mulighed for at v\u00e6lge mellem en bl\u00f8dere sug eller en t\u00e6ttere damp afh\u00e6ngigt af din pr\u00e6ference i \u00f8jeblikket.<\/p>\n<h3>\ud83c\udfaf Tre Overbevisende \u00c5rsager til at V\u00e6lge JNR TANK PRO 33000<\/h3>\n<ul data-path-to-node=\"13\">\n<li>\n<p data-path-to-node=\"13,0,0\"><b>Uovertruffen Lang Levetid:<\/b> Med <b>33000 Puffs<\/b>, glem hyppig udskiftning af din enhed. Det er en af de mest holdbare engangs p\u00e5 markedet, der tilbyder maksimal ro i sindet.<\/p>\n<\/li>\n<li>\n<p data-path-to-node=\"13,1,0\"><b>Personlig Kontrol:<\/b> Den smarte sk\u00e6rm og str\u00f8mjusteringen (<b>15W\/20W<\/b>) giver dig fuld kontrol over din oplevelse, en sj\u00e6ldenhed for en engangs, der giver dig mulighed for at optimere smagen <b>Jordb\u00e6r Banan<\/b> eller dampproduktionen.<\/p>\n<\/li>\n<li>\n<p data-path-to-node=\"13,2,0\"><b>Overlegen Vape Kvalitet:<\/b> Teknologien <b>Dual Mesh Coil<\/b> sikrer en rig, konstant damp og en smag <b>Jordb\u00e6r Banan<\/b> af enest\u00e5ende renhed, samtidig med at den perfekt styrer volumenet af <b>\u00c6gte 28ml<\/b> e-v\u00e6ske.<\/p>\n<\/li>\n<\/ul>\n<h3>\ud83d\udcca Resum\u00e9 af V\u00e6sentlige Funktioner<\/h3>\n<ul data-path-to-node=\"15\">\n<li>\n<p data-path-to-node=\"15,0,0\"><b>Puffs:<\/b> 33000 Puffs (Maksimal levetid)<\/p>\n<\/li>\n<li>\n<p data-path-to-node=\"15,1,0\"><b>Spole:<\/b> Dual Mesh Coil (Bedre smagsgengivelse)<\/p>\n<\/li>\n<li>\n<p data-path-to-node=\"15,2,0\"><b>E-v\u00e6ske:<\/b> \u00c6gte 28ml (Masser af kapacitet)<\/p>\n<\/li>\n<li>\n<p data-path-to-node=\"15,3,0\"><b>Nikotin:<\/b> 2% \/ 5% (Valg af koncentration)<\/p>\n<\/li>\n<li>\n<p data-path-to-node=\"15,4,0\"><b>Batteri:<\/b> 850mAh (H\u00f8j kapacitet)<\/p>\n<\/li>\n<li>\n<p data-path-to-node=\"15,5,0\"><b>Genopladning:<\/b> Type-C opladningsport (Hurtig og moderne opladning)<\/p>\n<\/li>\n<li>\n<p data-path-to-node=\"15,6,0\"><b>Display:<\/b> LED-sk\u00e6rm (Smart Screen)<\/p>\n<\/li>\n<li>\n<p data-path-to-node=\"15,7,0\"><b>Indikatorer:<\/b> Klart angive batteri- og e-v\u00e6skeniveau (Total synlighed)<\/p>\n<\/li>\n<li>\n<p data-path-to-node=\"15,8,0\"><b>Indstilling:<\/b> Str\u00f8mjustering: 15W &amp; 20W (Tilpasning af vapen)<\/p>\n<\/li>\n<\/ul>\n<h3>\u267b\ufe0f H\u00e5ndtering af Dit Apparats Livscyklus<\/h3>\n<p data-path-to-node=\"17\">Le <b>JNR TANK PRO 33000<\/b> er en genopladelig enhed, men det er stadig et elektronisk produkt. N\u00e5r e-v\u00e6sken p\u00e5 <b>28ml<\/b> er opbrugt (hvilket sk\u00e6rmen klart vil indikere), er det vigtigt ikke at smide den ud med husholdningsaffaldet. Af milj\u00f8m\u00e6ssige \u00e5rsager bedes du aflevere din <b>JNR TANK PRO 33000<\/b> p\u00e5 et indsamlingssted for elektronisk affald eller brugte batterier. Dit engagement er afg\u00f8rende for ansvarlig dampning.<\/p>\n<h3>\ud83d\ude80 Konklusion: G\u00e5 til det n\u00e6ste niveau med jnrvaper<\/h3>\n<p data-path-to-node=\"19\">Le <b>JNR TANK PRO 33000<\/b> i smag <b>Jordb\u00e6r Banan<\/b> er ikke bare en engangsartikel, det er en f\u00f8rsteklasses, holdbar og funktionsrig vaping-platform. Den kombinerer den klassiske og cremede smag, du \u00f8nsker, med den teknologi og autonomi, du har brug for. N\u00f8jes ikke med mindre. Bes\u00f8g vores side <b>jnrvaper.fr<\/b> i dag for at bestille din <b>JNR TANK PRO 33000<\/b> og dyk ned i den ultimative vape-oplevelse. <b>Det er tid til at opgradere din daglige vaping!<\/b><\/p>","protected":false},"excerpt":{"rendered":"<p>Oplev den <b>JNR TANK PRO 33000<\/b> p\u00e5 <b>jnrvaper.fr<\/b>. Denne genopladelige engangs tilbyder <b>33000 Puffs<\/b> et <b>\u00c6gte 28ml<\/b> e-v\u00e6ske. Udstyret med en <b>Dual Mesh Coil<\/b> for smagen <strong>Jordb\u00e6r Banan<\/strong>, har den en <b>LED-sk\u00e6rm<\/b> (for <b>Klart angive batteri- og e-v\u00e6skeniveau<\/b>) og <b>Str\u00f8mjustering: 15W &amp; 20W<\/b>. Batteri <b>850mAh<\/b> genopladelig <b>Type-C opladningsport<\/b>. Den <b>JNR TANK PRO 33000<\/b> : ydeevne og kontrol p\u00e5 toppen.<\/p>","protected":false},"featured_media":842,"comment_status":"open","ping_status":"closed","template":"","meta":[],"product_brand":[],"product_cat":[132,37],"product_tag":[],"class_list":{"0":"post-840","1":"product","2":"type-product","3":"status-publish","4":"has-post-thumbnail","6":"product_cat-jnr-tank-pro-33000-vape","7":"product_cat-strawberry-banana","9":"first","10":"instock","11":"shipping-taxable","12":"purchasable","13":"product-type-variable"},"_links":{"self":[{"href":"https:\/\/jnrvaper.fr\/da\/wp-json\/wp\/v2\/product\/840","targetHints":{"allow":["GET"]}}],"collection":[{"href":"https:\/\/jnrvaper.fr\/da\/wp-json\/wp\/v2\/product"}],"about":[{"href":"https:\/\/jnrvaper.fr\/da\/wp-json\/wp\/v2\/types\/product"}],"replies":[{"embeddable":true,"href":"https:\/\/jnrvaper.fr\/da\/wp-json\/wp\/v2\/comments?post=840"}],"wp:featuredmedia":[{"embeddable":true,"href":"https:\/\/jnrvaper.fr\/da\/wp-json\/wp\/v2\/media\/842"}],"wp:attachment":[{"href":"https:\/\/jnrvaper.fr\/da\/wp-json\/wp\/v2\/media?parent=840"}],"wp:term":[{"taxonomy":"product_brand","embeddable":true,"href":"https:\/\/jnrvaper.fr\/da\/wp-json\/wp\/v2\/product_brand?post=840"},{"taxonomy":"product_cat","embeddable":true,"href":"https:\/\/jnrvaper.fr\/da\/wp-json\/wp\/v2\/product_cat?post=840"},{"taxonomy":"product_tag","embeddable":true,"href":"https:\/\/jnrvaper.fr\/da\/wp-json\/wp\/v2\/product_tag?post=840"}],"curies":[{"name":"wp","href":"https:\/\/api.w.org\/{rel}","templated":true}]}}