{"id":782,"date":"2025-11-18T03:56:14","date_gmt":"2025-11-18T02:56:14","guid":{"rendered":"https:\/\/jnrvaper.fr\/?post_type=product&#038;p=782"},"modified":"2026-01-26T09:31:01","modified_gmt":"2026-01-26T08:31:01","slug":"strawberry-ice-jnr-aurora-27000-vape","status":"publish","type":"product","link":"https:\/\/jnrvaper.fr\/da\/vare\/strawberry-ice-jnr-aurora-27000-vape\/","title":{"rendered":"Strawberry Ice JNR AURORA 27000 Vape Ren Frostet Jordb\u00e6r \u2013 Lang Autonomi"},"content":{"rendered":"<h2>\ud83c\udf53 Smag Strawberry Ice: S\u00f8de Jordb\u00e6r &amp; Iskold Friskhed<\/h2>\n<p>La <strong>JNR AURORA 27000 Strawberry Ice<\/strong> indhyller dine sanser i en b\u00f8lge af intens friskhed og frugtagtig s\u00f8dme. Hvert sug kombinerer den saftige rigdom af en perfekt moden jordb\u00e6r med en subtil iskold note, der minder om en frisk sorbet om sommeren. Denne aromatiske konstruktion er blevet rost af mange dampere for sin finesse, balance og vedholdenhed i munden.<\/p>\n<h3>\ud83d\udd0b Ekstraordin\u00e6r Batterilevetid &amp; Innovativ Teknologi<\/h3>\n<p>Designet til at holde, tilbyder JNR AURORA op til <strong>27.000 puffs<\/strong> takket v\u00e6re et unikt system best\u00e5ende af en forfyldt pod p\u00e5 2 ml og en genopfyldelig tank p\u00e5 10 ml e-v\u00e6ske. Det genopladelige 900 mAh batteri, Type-C kompatibelt, sikrer dig forl\u00e6ngede sessioner uden kompromis, med hurtig og praktisk opladning. Denne enhed er perfekt til intensiv daglig brug. <\/p>\n<\/ul>","protected":false},"excerpt":{"rendered":"<p>JNR AURORA 27000 Strawberry Ice tilbyder en enest\u00e5ende vapeoplevelse med op til 27.000 puffs, en intens frossen jordb\u00e6rsmag og langvarig batterilevetid. Genopladeligt batteri 900 mAh, Dual Mesh Coil og smart sk\u00e6rm for en j\u00e6vn og personlig vape.<\/p>","protected":false},"featured_media":784,"comment_status":"open","ping_status":"closed","template":"","meta":[],"product_brand":[],"product_cat":[131,38],"product_tag":[],"class_list":{"0":"post-782","1":"product","2":"type-product","3":"status-publish","4":"has-post-thumbnail","6":"product_cat-jnr-aurora-27000-vape","7":"product_cat-strawberry-ice","9":"first","10":"instock","11":"shipping-taxable","12":"purchasable","13":"product-type-variable"},"_links":{"self":[{"href":"https:\/\/jnrvaper.fr\/da\/wp-json\/wp\/v2\/product\/782","targetHints":{"allow":["GET"]}}],"collection":[{"href":"https:\/\/jnrvaper.fr\/da\/wp-json\/wp\/v2\/product"}],"about":[{"href":"https:\/\/jnrvaper.fr\/da\/wp-json\/wp\/v2\/types\/product"}],"replies":[{"embeddable":true,"href":"https:\/\/jnrvaper.fr\/da\/wp-json\/wp\/v2\/comments?post=782"}],"wp:featuredmedia":[{"embeddable":true,"href":"https:\/\/jnrvaper.fr\/da\/wp-json\/wp\/v2\/media\/784"}],"wp:attachment":[{"href":"https:\/\/jnrvaper.fr\/da\/wp-json\/wp\/v2\/media?parent=782"}],"wp:term":[{"taxonomy":"product_brand","embeddable":true,"href":"https:\/\/jnrvaper.fr\/da\/wp-json\/wp\/v2\/product_brand?post=782"},{"taxonomy":"product_cat","embeddable":true,"href":"https:\/\/jnrvaper.fr\/da\/wp-json\/wp\/v2\/product_cat?post=782"},{"taxonomy":"product_tag","embeddable":true,"href":"https:\/\/jnrvaper.fr\/da\/wp-json\/wp\/v2\/product_tag?post=782"}],"curies":[{"name":"wp","href":"https:\/\/api.w.org\/{rel}","templated":true}]}}