{"id":705,"date":"2025-11-17T10:01:53","date_gmt":"2025-11-17T09:01:53","guid":{"rendered":"https:\/\/jnrvaper.fr\/?post_type=product&#038;p=705"},"modified":"2026-01-26T09:39:39","modified_gmt":"2026-01-26T08:39:39","slug":"apple-mojito-jnr-mega-box-25000","status":"publish","type":"product","link":"https:\/\/jnrvaper.fr\/da\/vare\/apple-mojito-jnr-mega-box-25000\/","title":{"rendered":"Apple Mojito JNR Mega Box 25000 Syrlig og forfriskende Mojito"},"content":{"rendered":"<h2>\ud83c\udf4f Den Sprudlende Cocktail <b>JNR Mega Box 25000<\/b> : Smag <b>Apple Mojito<\/b> Syrlig og Menthol<\/h2>\n<p data-path-to-node=\"5\">Velkommen til <a href=\"https:\/\/jnrvaper.fr\/da\/\"><b>jnrvaper.fr<\/b><\/a> ! Oplev straks den sofistikerede og sprudlende smag <b>Apple Mojito<\/b> i hjertet af vores flagskibsenhed: den <a href=\"https:\/\/jnrvaper.fr\/da\/product-category\/jnr-mega-box-25000-vape\/\"><b>JNR Mega Box 25000<\/b><\/a>. Denne aromaprofil er inspireret af den klassiske cubanske cocktail, der fusionerer den spr\u00f8de syrlighed af <b>gr\u00f8n \u00e6ble<\/b> (<i>Apple<\/i>) med de livlige og forfriskende noter af <b>frisk mynte<\/b> og <strong>lime<\/strong> (<i>Mojito<\/i>). Resultatet er en utrolig klar, livlig og forfriskende vape, perfekt til at simulere en iskold drink.<br \/>\n<img decoding=\"async\" class=\"alignnone wp-image-644 size-full\" loading=\"lazy\" src=\"https:\/\/jnrvaper.fr\/wp-content\/uploads\/2025\/11\/MEGA\u00b7BOX_01.jpg\" alt=\"\" width=\"1920\" height=\"1080\" srcset=\"https:\/\/jnrvaper.fr\/wp-content\/uploads\/2025\/11\/MEGA\u00b7BOX_01.jpg 1920w, https:\/\/jnrvaper.fr\/wp-content\/uploads\/2025\/11\/MEGA\u00b7BOX_01-600x338.jpg 600w, https:\/\/jnrvaper.fr\/wp-content\/uploads\/2025\/11\/MEGA\u00b7BOX_01-300x169.jpg 300w, https:\/\/jnrvaper.fr\/wp-content\/uploads\/2025\/11\/MEGA\u00b7BOX_01-1024x576.jpg 1024w, https:\/\/jnrvaper.fr\/wp-content\/uploads\/2025\/11\/MEGA\u00b7BOX_01-768x432.jpg 768w, https:\/\/jnrvaper.fr\/wp-content\/uploads\/2025\/11\/MEGA\u00b7BOX_01-1536x864.jpg 1536w\" sizes=\"auto, (max-width: 1920px) 100vw, 1920px\" \/><\/p>\n<p data-path-to-node=\"7\">Le <b>JNR Mega Box 25000<\/b> er den ultimative l\u00f8sning for langvarig og ubesv\u00e6ret vaping. Designet med avanceret teknologi, garanterer denne enhed en konstant ydeevne og en exceptionel smagsgengivelse, der giver dig mulighed for at nyde din e-liquid <b>Apple Mojito<\/b> uden afbrydelse. Det er den perfekte alliance mellem udholdenhed og smag.<\/p>\n<p data-path-to-node=\"9\">Tilg\u00e6ngelig p\u00e5 <b>jnrvaper.fr<\/b>, f\u00f8lger <b>JNR Mega Box 25000<\/b> er v\u00e6rdsat for sin p\u00e5lidelighed og kapacitet. Takket v\u00e6re sit ergonomiske design og avancerede tekniske egenskaber (som dobbelt modstand), tilbyder den en overlegen, konsistent vape-oplevelse fra start til slut.<\/p>\n<h3>\u2699\ufe0f De V\u00e6sentlige Funktioner ved <b>JNR Mega Box 25000<\/b><\/h3>\n<h3>Ekstraordin\u00e6r Udholdenhed: 25000 Puffs<\/h3>\n<p data-path-to-node=\"12\">Med en f\u00e6nomenal kapacitet p\u00e5 <b>25000 Puffs<\/b>, f\u00f8lger <b>JNR Mega Box 25000<\/b> st\u00e5r som en leder inden for lang levetid p\u00e5 markedet for engangs-vapes.<\/p>\n<h3>XXL Tank: 30ml E-liquid<\/h3>\n<p data-path-to-node=\"14\">For at st\u00f8tte s\u00e5dan udholdenhed er <b>JNR Mega Box 25000<\/b> forudfyldt med en massiv reserve af <b>30ml E-liquid<\/b>, der sikrer en smag <b>Apple Mojito<\/b> der varer.<\/p>\n<h3>Dobbelt Vape Teknologi: Dual Mesh Coil &amp; Dual Core<\/h3>\n<p data-path-to-node=\"16\">Hemmeligheden bag smagens intensitet <b>Apple Mojito<\/b> ligger i systemet <b>Dual Mesh Coil &amp; Dual Core<\/b>, der maksimerer opvarmningsfladen for en rig dampproduktion og en perfekt gengivet smag.<\/p>\n<h3>P\u00e5lidelig Str\u00f8mforsyning: 850mAh Batterikapacitet<\/h3>\n<p data-path-to-node=\"18\">Batteriet i <b>850mAh Batterikapacitet<\/b> er designet til at forsyne enheden gennem hele dens levetid, hvilket garanterer optimal ydeevne til den sidste puff.<\/p>\n<h3>Optimeret Opladning: Type-C Hurtig Opladning<\/h3>\n<p data-path-to-node=\"20\">Opladningsporten <b>Type-C Hurtigopladning<\/b> muligg\u00f8r hurtig opladning af batteriet, hvilket minimerer afbrydelser og maksimerer din vaping-tid med <b>JNR Mega Box 25000<\/b>.<\/p>\n<h3>Fleksibilitet i Nikotin: 2%-5% Nikotin<\/h3>\n<p data-path-to-node=\"22\">Le <b>JNR Mega Box 25000<\/b> er tilg\u00e6ngelig i forskellige koncentrationer af <b>2%-5% Nikotin<\/b>, hvilket giver brugerne mulighed for at v\u00e6lge den intensitet, der bedst passer til deres behov.<\/p>\n<h3>\ud83c\udfc6 De N\u00f8glefordele ved JNR Oplevelsen<\/h3>\n<ul data-path-to-node=\"24\">\n<li>\n<p data-path-to-node=\"24,0,0\"><b>Smagens Autenticitet:<\/b> Systemet <b>Dual Mesh Coil<\/b> garanterer, at hver puff af <b>Apple Mojito<\/b> er ren og intens.<\/p>\n<\/li>\n<li>\n<p data-path-to-node=\"24,1,0\"><b>Enkelhed Uden Vedligeholdelse:<\/b> Klar til brug, uden p\u00e5fyldning eller komplekse indstillinger, der tilbyder maksimal brugervenlighed.<\/p>\n<\/li>\n<li>\n<p data-path-to-node=\"24,2,0\"><b>En B\u00e6redygtig Investering:<\/b> Kapaciteten af <b>25000 Puffs<\/b> g\u00f8r <b>JNR Mega Box 25000<\/b> mere \u00f8konomisk end at k\u00f8be flere sm\u00e5 engangs-enheder.<\/p>\n<\/li>\n<li>\n<p data-path-to-node=\"24,3,0\"><b>Konstant Ydeevne:<\/b> Teknologien <b>Dual Core<\/b> og det genopladelige batteri af <b>850mAh<\/b> sikrer damp af h\u00f8j kvalitet fra start til slut.<\/p>\n<\/li>\n<\/ul>\n<h3>\ud83d\udecd\ufe0f Hvorfor k\u00f8be <b>JNR Mega Box 25000<\/b> p\u00e5 <b>jnrvaper.fr<\/b> ?<\/h3>\n<h3>Eksklusiviteten af smagen<\/h3>\n<p data-path-to-node=\"27\">Hvis du leder efter en syrlig citrus smag forst\u00e6rket af spr\u00f8d \u00e6ble og frisk mynte, er\u2019<b>Apple Mojito<\/b> den ideelle profil til en sofistikeret og livlig vape.<\/p>\n<h3>Garanti for \u00e6gthed<\/h3>\n<p data-path-to-node=\"29\">Ved k\u00f8b p\u00e5 <b>jnrvaper.fr<\/b>, har du garanti for at modtage et <b>JNR Mega Box 25000<\/b> autentisk produkt af h\u00f8j kvalitet, direkte fra kilden.<\/p>\n<h3>Den mest effektive genopladelige batterienhed<\/h3>\n<p data-path-to-node=\"31\">Le <b>JNR Mega Box 25000<\/b> kombinerer bekvemmeligheden ved engangs med p\u00e5lideligheden af et genopladeligt batteri, hvilket garanterer at du bruger hver milliliter af e-v\u00e6sken <b>Apple Mojito<\/b>.<\/p>","protected":false},"excerpt":{"rendered":"<p>Le <b>JNR Mega Box 25000<\/b> er tilg\u00e6ngelig p\u00e5 <b>jnrvaper.fr<\/b> ! F\u00e5 <b>25000 Puffs<\/b> et <b>30ml E-liquid<\/b> af optimal ydeevne. Denne enhed bruger en <b>Dual Mesh Coil &amp; Dual Core<\/b> med et batteri <b>850mAh<\/b> et <b>Type-C Hurtigopladning<\/b>. V\u00e6lg din dosering <b>2%-5% Nikotin<\/b> i den exceptionelle smag <strong>Apple Mojito<\/strong>. Den <b>JNR Mega Box 25000<\/b> : udholdenhed redefineret.<\/p>","protected":false},"featured_media":709,"comment_status":"open","ping_status":"closed","template":"","meta":[],"product_brand":[],"product_cat":[121,125],"product_tag":[],"class_list":{"0":"post-705","1":"product","2":"type-product","3":"status-publish","4":"has-post-thumbnail","6":"product_cat-jnr-mega-box-25000-vape","7":"product_cat-apple-mojito","9":"first","10":"instock","11":"shipping-taxable","12":"purchasable","13":"product-type-variable"},"_links":{"self":[{"href":"https:\/\/jnrvaper.fr\/da\/wp-json\/wp\/v2\/product\/705","targetHints":{"allow":["GET"]}}],"collection":[{"href":"https:\/\/jnrvaper.fr\/da\/wp-json\/wp\/v2\/product"}],"about":[{"href":"https:\/\/jnrvaper.fr\/da\/wp-json\/wp\/v2\/types\/product"}],"replies":[{"embeddable":true,"href":"https:\/\/jnrvaper.fr\/da\/wp-json\/wp\/v2\/comments?post=705"}],"wp:featuredmedia":[{"embeddable":true,"href":"https:\/\/jnrvaper.fr\/da\/wp-json\/wp\/v2\/media\/709"}],"wp:attachment":[{"href":"https:\/\/jnrvaper.fr\/da\/wp-json\/wp\/v2\/media?parent=705"}],"wp:term":[{"taxonomy":"product_brand","embeddable":true,"href":"https:\/\/jnrvaper.fr\/da\/wp-json\/wp\/v2\/product_brand?post=705"},{"taxonomy":"product_cat","embeddable":true,"href":"https:\/\/jnrvaper.fr\/da\/wp-json\/wp\/v2\/product_cat?post=705"},{"taxonomy":"product_tag","embeddable":true,"href":"https:\/\/jnrvaper.fr\/da\/wp-json\/wp\/v2\/product_tag?post=705"}],"curies":[{"name":"wp","href":"https:\/\/api.w.org\/{rel}","templated":true}]}}