{"id":651,"date":"2025-11-17T08:59:13","date_gmt":"2025-11-17T07:59:13","guid":{"rendered":"https:\/\/jnrvaper.fr\/?post_type=product&#038;p=651"},"modified":"2026-01-26T11:19:13","modified_gmt":"2026-01-26T10:19:13","slug":"cherry-berry-jnr-mega-box-25000","status":"publish","type":"product","link":"https:\/\/jnrvaper.fr\/da\/vare\/cherry-berry-jnr-mega-box-25000\/","title":{"rendered":"Cherry Berry JNR Mega Box 25000 \u2013 Intens r\u00f8d frugt vape"},"content":{"rendered":"<h2>\ud83c\udf52 En m\u00f8rk, intens og elegant Cherry Berry-smag<\/h2>\n<p>La <strong>Cherry Berry JNR Mega Box 25000<\/strong> henvender sig til elskere af dybe frugtsmage. Fra f\u00f8rste pust afsl\u00f8rer den modne sorte kirseb\u00e6r en rund og let syrlig start, hurtigt beriget af en blanding af saftige vilde b\u00e6r. Samlet set tilbyder det en m\u00f8rk, afbalanceret og vedvarende aromaprofil, t\u00e6nkt til daglig vaping uden tr\u00e6thed.<\/p>\n<p>Denne Cherry Berry-signatur er v\u00e6rdsat for sin aromatiske trov\u00e6rdighed: hverken for s\u00f8d eller kunstig, den bevarer en \u00e6gte f\u00f8lelse af naturlige r\u00f8de frugter med en t\u00e6t og fl\u00f8jlsagtig afslutning.<\/p>\n<h3>\ud83c\udf2c\ufe0f En konstant smagsgengivelse op til 25000 puffs<\/h3>\n<p>Takket v\u00e6re teknologien <strong>Dual Mesh Coil &amp; Dual Core<\/strong>, gengiver hver pust kompleksiteten af Cherry Berry med pr\u00e6cision. Den ensartede opvarmning bevarer nuancerne af kirseb\u00e6r og friskheden af b\u00e6r, selv efter langvarig brug.<\/p>\n<h3>\ud83d\udd0b T\u00e6nkt til at vare, designet til komfort<\/h3>\n<ul>\n<li><strong>25000 reelle puffs<\/strong> for en langvarig oplevelse<\/li>\n<li><strong>30 ml e-v\u00e6ske<\/strong> for en stabil og kontinuerlig smag<\/li>\n<li><strong>Genopladeligt batteri 850 mAh<\/strong> for at udnytte hver dr\u00e5be<\/li>\n<li><strong>Hurtig opladning Type-C<\/strong> for ubesv\u00e6ret brug<\/li>\n<li><strong>Nikotindoseringer 2 % eller 5 %<\/strong> efter dine vaner<\/li>\n<\/ul>\n<h3>\ud83c\udf47 Hvorfor v\u00e6lge Cherry Berry JNR Mega Box 25000<\/h3>\n<p>P\u00e5 markedet for h\u00f8jkapacitetsvapes skiller denne Cherry Berry-version sig ud med sin aromatiske balance og regelm\u00e6ssighed. Brugerfeedback fremh\u00e6ver en trov\u00e6rdig smag fra start til slut, en t\u00e6t men bl\u00f8d damp og en fremragende holdbarhed over tid i forhold til konkurrerende modeller.<\/p>\n<p>Designet af m\u00e6rket JNR for at im\u00f8dekomme de kr\u00e6vende vapers forventninger, kombinerer Mega Box 25000 smagsintensitet, autonomi og enkelhed i brug, uden vedligeholdelse eller justering.<\/p>","protected":false},"excerpt":{"rendered":"<p>Cherry Berry JNR Mega Box 25000 tilbyder en m\u00f8rk og afbalanceret r\u00f8d frugtsmag, der blander intens kirseb\u00e6r og vilde b\u00e6r. Med 25000 puffs, 30 ml e-v\u00e6ske, et genopladeligt 850 mAh batteri og Dual Mesh Coil teknologi, garanterer den en rig og konstant vape med nikotin 2 % eller 5 %.<\/p>","protected":false},"featured_media":653,"comment_status":"open","ping_status":"closed","template":"","meta":[],"product_brand":[],"product_cat":[121,46],"product_tag":[],"class_list":{"0":"post-651","1":"product","2":"type-product","3":"status-publish","4":"has-post-thumbnail","6":"product_cat-jnr-mega-box-25000-vape","7":"product_cat-cherry-berry","9":"first","10":"instock","11":"shipping-taxable","12":"purchasable","13":"product-type-variable"},"_links":{"self":[{"href":"https:\/\/jnrvaper.fr\/da\/wp-json\/wp\/v2\/product\/651","targetHints":{"allow":["GET"]}}],"collection":[{"href":"https:\/\/jnrvaper.fr\/da\/wp-json\/wp\/v2\/product"}],"about":[{"href":"https:\/\/jnrvaper.fr\/da\/wp-json\/wp\/v2\/types\/product"}],"replies":[{"embeddable":true,"href":"https:\/\/jnrvaper.fr\/da\/wp-json\/wp\/v2\/comments?post=651"}],"wp:featuredmedia":[{"embeddable":true,"href":"https:\/\/jnrvaper.fr\/da\/wp-json\/wp\/v2\/media\/653"}],"wp:attachment":[{"href":"https:\/\/jnrvaper.fr\/da\/wp-json\/wp\/v2\/media?parent=651"}],"wp:term":[{"taxonomy":"product_brand","embeddable":true,"href":"https:\/\/jnrvaper.fr\/da\/wp-json\/wp\/v2\/product_brand?post=651"},{"taxonomy":"product_cat","embeddable":true,"href":"https:\/\/jnrvaper.fr\/da\/wp-json\/wp\/v2\/product_cat?post=651"},{"taxonomy":"product_tag","embeddable":true,"href":"https:\/\/jnrvaper.fr\/da\/wp-json\/wp\/v2\/product_tag?post=651"}],"curies":[{"name":"wp","href":"https:\/\/api.w.org\/{rel}","templated":true}]}}