{"id":353,"date":"2025-11-15T16:08:06","date_gmt":"2025-11-15T15:08:06","guid":{"rendered":"https:\/\/jnrvaper.fr\/?post_type=product&#038;p=353"},"modified":"2026-01-26T10:32:07","modified_gmt":"2026-01-26T09:32:07","slug":"mango-passion-fruit-jnr-falcon-16000","status":"publish","type":"product","link":"https:\/\/jnrvaper.fr\/da\/vare\/mango-passion-fruit-jnr-falcon-16000\/","title":{"rendered":"Mango Passion Fruit JNR Falcon 16000 Berusende aroma"},"content":{"rendered":"<h2>\ud83e\udd6d <b>JNR Falcon 16000 Mango Passion Fruit: Den Solrige Eksotiske Duo<\/b><\/h2>\n<h3>\ud83d\udc51 <b>En Tropisk Smag: Den S\u00f8de og Syrlige Flugt fra Mango Passion Fruit<\/b><\/h3>\n<p data-path-to-node=\"5\">Oplev den rige og berusende aromaprofil af <a href=\"https:\/\/jnrvaper.fr\/da\/product-category\/jnr-falcon-16000-vape\/\"><b>JNR Falcon 16000<\/b><\/a> smag <b>Mango Passionsfrugt<\/b>. Denne tropiske blanding er en invitation til at rejse. Aromaen domineres af den cremede og saftige s\u00f8dme fra <b>mango (Mango)<\/b>, straks fremh\u00e6vet af den livlige, syrlige og let musky smag af <b>passionsfrugt (Passion Fruit)<\/b>. Kombinationen skaber en enest\u00e5ende balance mellem tropisk s\u00f8dme og skarp syrlighed, hvilket giver en intens, lys og dybt eksotisk vaping oplevelse. Det er solen fra troperne, du s\u00f8ger.<br \/>\n<img decoding=\"async\" class=\"alignnone wp-image-334 size-full\" loading=\"lazy\" src=\"https:\/\/jnrvaper.fr\/wp-content\/uploads\/2025\/11\/Poster_Falcon_02-scaled.jpg\" alt=\"\" width=\"2560\" height=\"1440\" srcset=\"https:\/\/jnrvaper.fr\/wp-content\/uploads\/2025\/11\/Poster_Falcon_02-scaled.jpg 2560w, https:\/\/jnrvaper.fr\/wp-content\/uploads\/2025\/11\/Poster_Falcon_02-scaled-600x338.jpg 600w, https:\/\/jnrvaper.fr\/wp-content\/uploads\/2025\/11\/Poster_Falcon_02-300x169.jpg 300w, https:\/\/jnrvaper.fr\/wp-content\/uploads\/2025\/11\/Poster_Falcon_02-1024x576.jpg 1024w, https:\/\/jnrvaper.fr\/wp-content\/uploads\/2025\/11\/Poster_Falcon_02-768x432.jpg 768w, https:\/\/jnrvaper.fr\/wp-content\/uploads\/2025\/11\/Poster_Falcon_02-1536x864.jpg 1536w, https:\/\/jnrvaper.fr\/wp-content\/uploads\/2025\/11\/Poster_Falcon_02-2048x1152.jpg 2048w\" sizes=\"auto, (max-width: 2560px) 100vw, 2560px\" \/><\/p>\n<h3>\ud83d\ude80 <b>JNR Falcon 16000: Redefineret Ydeevne og Holdbarhed<\/b><\/h3>\n<p data-path-to-node=\"7\">Le <b>JNR Falcon 16000<\/b> er den n\u00e6ste generations engangsvaporizer tilg\u00e6ngelig p\u00e5 <a href=\"https:\/\/jnrvaper.fr\/da\/\"><b>jnrvaper.fr<\/b><\/a>. Designet til kr\u00e6vende vapere, kombinerer den rekordlang batterilevetid med avanceret teknologi. Dens elegante design <b>Crystal Craft Design<\/b> og dens konstante kraft sikrer dig langvarig tilfredsstillelse. Uanset hvilken nikotinkoncentration du v\u00e6lger <b>2%<\/b> ou <b>5%<\/b>, f\u00f8lger <b>JNR Falcon 16000<\/b> garanterer en overlegen ydeevne fra den f\u00f8rste til den sidste puff.<\/p>\n<h3>\u2728 <b>De Vigtigste Tekniske Fordele ved JNR Falcon 16000<\/b><\/h3>\n<p data-path-to-node=\"9\">Her er de egenskaber, der adskiller <b>JNR Falcon 16000<\/b> :<\/p>\n<ul data-path-to-node=\"10\">\n<li>\n<p data-path-to-node=\"10,0,0\"><b>Rekordlang Batterilevetid:<\/b> Op til <b>16000 Puffs<\/b> til ultra-langvarig brug.<\/p>\n<\/li>\n<li>\n<p data-path-to-node=\"10,1,0\"><b>Gener\u00f8s Kapacitet:<\/b> En tank med <b>22ml<\/b> e-v\u00e6ske.<\/p>\n<\/li>\n<li>\n<p data-path-to-node=\"10,2,0\"><b>Kraftfuldt Batteri:<\/b> <b>850mah Genopladeligt batteri<\/b> til fuld brug.<\/p>\n<\/li>\n<li>\n<p data-path-to-node=\"10,3,0\"><b>Coil Teknologi:<\/b> Udstyret med et <b>Dual Mesh Coil<\/b> for en smag <b>Mango Passionsfrugt<\/b> ren og t\u00e6t damp.<\/p>\n<\/li>\n<li>\n<p data-path-to-node=\"10,4,0\"><b>Optimal Modstand:<\/b> En modstand p\u00e5 <b>1\u03a9<\/b> til en tilfredsstillende MTL sug.<\/p>\n<\/li>\n<li>\n<p data-path-to-node=\"10,5,0\"><b>Tilpasselig Luftstr\u00f8m:<\/b> <b>Justerbar Luftstr\u00f8m<\/b> til at finjustere din sugeoplevelse.<\/p>\n<\/li>\n<li>\n<p data-path-to-node=\"10,6,0\"><b>Nikotinmuligheder:<\/b> Tilg\u00e6ngelig i <b>2% 5% Nikotin<\/b> (afh\u00e6ngig af din pr\u00e6ference).<\/p>\n<\/li>\n<li>\n<p data-path-to-node=\"10,7,0\"><b>Design og \u00c6stetik:<\/b> Moderne design <b>Crystal Craft Design<\/b>.<\/p>\n<\/li>\n<\/ul>\n<h3>\u26a0\ufe0f <b>Brugsanvisninger og Sikkerhedsforanstaltninger<\/b><\/h3>\n<p data-path-to-node=\"12\">For at f\u00e5 mest muligt ud af din <b>JNR Falcon 16000<\/b> :<\/p>\n<ul data-path-to-node=\"13\">\n<li>\n<p data-path-to-node=\"13,0,0\"><b>Genopladning:<\/b> Genoplad batteriet p\u00e5 <b>850mAh<\/b> med en passende oplader, n\u00e5r dampydelsen falder. Undg\u00e5 overopladning.<\/p>\n<\/li>\n<li>\n<p data-path-to-node=\"13,1,0\"><b>Sugjustering:<\/b> Brug\u2019<b>Justerbar Luftstr\u00f8m<\/b> for at finde din ideelle sug (stram eller luftig).<\/p>\n<\/li>\n<li>\n<p data-path-to-node=\"13,2,0\"><b>Opbevaring:<\/b> Opbevar det v\u00e6k fra fugt og ekstreme temperaturer for at bevare e-v\u00e6sken og batteriet.<\/p>\n<\/li>\n<\/ul>\n<h3>\u2753 <b>Ofte Stillede Sp\u00f8rgsm\u00e5l (FAQ) om JNR Falcon 16000<\/b><\/h3>\n<ul data-path-to-node=\"15\">\n<li>\n<p data-path-to-node=\"15,0,0\"><b>Kan jeg genoplade JNR Falcon 16000?<\/b> Ja, batteriet p\u00e5 <b>850mah<\/b> er genopladeligt for at sikre, at du n\u00e5r <b>16000 Puffs<\/b>.<\/p>\n<\/li>\n<li>\n<p data-path-to-node=\"15,1,0\"><b>Er Mango Passion Fruit smagen meget s\u00f8d?<\/b> Nej, den er perfekt <b>afbalanceret<\/b>. Syren fra passionsfrugten sk\u00e6rer gennem mangoens fylde og skaber en harmonisk tropisk profil.<\/p>\n<\/li>\n<li>\n<p data-path-to-node=\"15,2,0\"><b>Kan jeg v\u00e6lge mit nikotinniveau med JNR Falcon 16000?<\/b> Ja. Den <b>JNR Falcon 16000<\/b> f\u00e5s i to koncentrationer: <b>2%<\/b> et <b>5% Nikotin<\/b>, s\u00e5 du kan v\u00e6lge den dosis, der passer til dine behov.<\/p>\n<\/li>\n<li><b>Hvorfor er JNR Falcon 16000 et bedre valg end andre engangsprodukter?<\/b> Det er den eneste, der kombinerer <b>16000 Puffs<\/b> med en <b>Justerbar Luftstr\u00f8m<\/b> og et genopladeligt batteri. Find den bedste <b>JNR Falcon 16000<\/b> p\u00e5 <b>jnrvaper.fr<\/b>.<\/li>\n<\/ul>\n<h3>\ud83d\uded2 <b>Din N\u00e6ste Dampoplevelse Starter Her<\/b><\/h3>\n<p data-path-to-node=\"17\">N\u00f8jes ikke med det almindelige. Den <b>JNR Falcon 16000<\/b> smag <b>Mango Passionsfrugt<\/b> er l\u00f8ftet om en uovertruffen smagskvalitet og enest\u00e5ende batterilevetid. Bes\u00f8g <b>jnrvaper.fr<\/b> lige nu for at sikre din enhed. Det er tid til at v\u00e6lge ydeevne og smag: den <b>JNR Falcon 16000<\/b> venter p\u00e5 dig.<\/p>","protected":false},"excerpt":{"rendered":"<p>Le <b>JNR Falcon 16000<\/b> redefinerer den engangs vape: op til <b>16000 Puffs<\/b> med <b>22ml<\/b> smag <strong>Mango Passionsfrugt<\/strong>. Den er drevet af en <b>850mAh Genopladeligt batteri<\/b> og integrerer <b>Dual Mesh Coil<\/b> for optimal smag. Tilpas dit sug med\u2019<b>Justerbar Luftstr\u00f8m<\/b>. Tilg\u00e6ngelig i <b>2% og 5% Nikotin<\/b>. Find din <b>JNR Falcon 16000<\/b> p\u00e5 <b>jnrvaper.fr<\/b>.<\/p>","protected":false},"featured_media":355,"comment_status":"open","ping_status":"closed","template":"","meta":[],"product_brand":[],"product_cat":[79,84],"product_tag":[],"class_list":{"0":"post-353","1":"product","2":"type-product","3":"status-publish","4":"has-post-thumbnail","6":"product_cat-jnr-falcon-16000-vape","7":"product_cat-mango-passion-fruit","9":"first","10":"instock","11":"shipping-taxable","12":"purchasable","13":"product-type-variable"},"_links":{"self":[{"href":"https:\/\/jnrvaper.fr\/da\/wp-json\/wp\/v2\/product\/353","targetHints":{"allow":["GET"]}}],"collection":[{"href":"https:\/\/jnrvaper.fr\/da\/wp-json\/wp\/v2\/product"}],"about":[{"href":"https:\/\/jnrvaper.fr\/da\/wp-json\/wp\/v2\/types\/product"}],"replies":[{"embeddable":true,"href":"https:\/\/jnrvaper.fr\/da\/wp-json\/wp\/v2\/comments?post=353"}],"wp:featuredmedia":[{"embeddable":true,"href":"https:\/\/jnrvaper.fr\/da\/wp-json\/wp\/v2\/media\/355"}],"wp:attachment":[{"href":"https:\/\/jnrvaper.fr\/da\/wp-json\/wp\/v2\/media?parent=353"}],"wp:term":[{"taxonomy":"product_brand","embeddable":true,"href":"https:\/\/jnrvaper.fr\/da\/wp-json\/wp\/v2\/product_brand?post=353"},{"taxonomy":"product_cat","embeddable":true,"href":"https:\/\/jnrvaper.fr\/da\/wp-json\/wp\/v2\/product_cat?post=353"},{"taxonomy":"product_tag","embeddable":true,"href":"https:\/\/jnrvaper.fr\/da\/wp-json\/wp\/v2\/product_tag?post=353"}],"curies":[{"name":"wp","href":"https:\/\/api.w.org\/{rel}","templated":true}]}}