{"id":320,"date":"2025-11-15T04:37:33","date_gmt":"2025-11-15T03:37:33","guid":{"rendered":"https:\/\/jnrvaper.fr\/?post_type=product&#038;p=320"},"modified":"2026-01-26T10:36:11","modified_gmt":"2026-01-26T09:36:11","slug":"peach-berry-jnr-fox-10000","status":"publish","type":"product","link":"https:\/\/jnrvaper.fr\/da\/vare\/peach-berry-jnr-fox-10000\/","title":{"rendered":"Peach Berry JNR FOX 10000 \u2013 Frugtagtig genopladelig vape 10.000 sug"},"content":{"rendered":"<h3>\ud83c\udf51 En frugtig eksplosion inspireret af sommeren<\/h3>\n<p>Le <strong>Peach Berry JNR FOX 10000<\/strong> fanger essensen af en l\u00e6kker sommer. Den fl\u00f8jlsbl\u00f8de s\u00f8dme fra den modne fersken flettes sammen med saftige og let syrlige b\u00e6r for at tilbyde en afbalanceret, frisk og naturligt s\u00f8d vape. Hver ind\u00e5nding minder om en kurv med friskplukkede frugter, uden tyngde eller overflod.<\/p>\n<h3>\ud83c\udf3f En smag der varer, ind\u00e5nding efter ind\u00e5nding<\/h3>\n<p>Takket v\u00e6re teknologien <strong>Mesh Coil<\/strong>, aromaerne Peach Berry forbliver konstante og trofaste fra f\u00f8rste til sidste sug. Feedback fra dampere fremh\u00e6ver en stabil aromagengivelse, ideel til daglig brug, uden tab af smag selv efter flere genopfyldninger.<\/p>\n<h3>\u2699\ufe0f Ydeevne t\u00e6nkt til komfort<\/h3>\n<ul>\n<li><strong>Op til 10.000 sug<\/strong> for en forl\u00e6nget batterilevetid<\/li>\n<li><strong>Genopfyldelig tank p\u00e5 10 ml<\/strong> for at forl\u00e6nge levetiden<\/li>\n<li><strong>Genopladeligt batteri 800 mAh<\/strong> med USB-C port<\/li>\n<li><strong>Nikotin 2 %<\/strong> for et bl\u00f8dt og kontrolleret hit<\/li>\n<li><strong>Dynamisk LED-belysning<\/strong> for et moderne touch<\/li>\n<li><strong>TPD-certificering<\/strong> i overensstemmelse med europ\u00e6iske standarder<\/li>\n<\/ul>\n<h3>\u267b\ufe0f Ansvarlig kvalitet<\/h3>\n<p>Designet af m\u00e6rket JNR, distribueret p\u00e5 den officielle hjemmeside jnrvaper.fr, kombinerer JNR FOX 10000 forn\u00f8jelse og ansvarlighed. Genopfyldelig med e-v\u00e6ske og batteri, reducerer det spild samtidig med at det garanterer en p\u00e5lidelig og sikker oplevelse.<\/p>","protected":false},"excerpt":{"rendered":"<p>Peach Berry JNR FOX 10000 tilbyder en frugtagtig vape, der blander s\u00f8d fersken og friske b\u00e6r. Genopladelig, op til 10.000 pust, batteri 800 mAh og nikotin 2 %, sikrer en konstant og sommerlig smag.<\/p>","protected":false},"featured_media":322,"comment_status":"open","ping_status":"closed","template":"","meta":[],"product_brand":[],"product_cat":[75,32],"product_tag":[],"class_list":{"0":"post-320","1":"product","2":"type-product","3":"status-publish","4":"has-post-thumbnail","6":"product_cat-jnr-fox-10000-vape","7":"product_cat-peach-berry","9":"first","10":"instock","11":"shipping-taxable","12":"purchasable","13":"product-type-variable"},"_links":{"self":[{"href":"https:\/\/jnrvaper.fr\/da\/wp-json\/wp\/v2\/product\/320","targetHints":{"allow":["GET"]}}],"collection":[{"href":"https:\/\/jnrvaper.fr\/da\/wp-json\/wp\/v2\/product"}],"about":[{"href":"https:\/\/jnrvaper.fr\/da\/wp-json\/wp\/v2\/types\/product"}],"replies":[{"embeddable":true,"href":"https:\/\/jnrvaper.fr\/da\/wp-json\/wp\/v2\/comments?post=320"}],"wp:featuredmedia":[{"embeddable":true,"href":"https:\/\/jnrvaper.fr\/da\/wp-json\/wp\/v2\/media\/322"}],"wp:attachment":[{"href":"https:\/\/jnrvaper.fr\/da\/wp-json\/wp\/v2\/media?parent=320"}],"wp:term":[{"taxonomy":"product_brand","embeddable":true,"href":"https:\/\/jnrvaper.fr\/da\/wp-json\/wp\/v2\/product_brand?post=320"},{"taxonomy":"product_cat","embeddable":true,"href":"https:\/\/jnrvaper.fr\/da\/wp-json\/wp\/v2\/product_cat?post=320"},{"taxonomy":"product_tag","embeddable":true,"href":"https:\/\/jnrvaper.fr\/da\/wp-json\/wp\/v2\/product_tag?post=320"}],"curies":[{"name":"wp","href":"https:\/\/api.w.org\/{rel}","templated":true}]}}