{"id":2942,"date":"2026-01-27T07:14:44","date_gmt":"2026-01-27T06:14:44","guid":{"rendered":"https:\/\/jnrvaper.fr\/?page_id=2942"},"modified":"2026-01-27T08:17:34","modified_gmt":"2026-01-27T07:17:34","slug":"contactez-nous","status":"publish","type":"page","link":"https:\/\/jnrvaper.fr\/da\/contactez-nous\/","title":{"rendered":"Kontakt os"},"content":{"rendered":"<section id=\"contact\">\n<h2>Kontakt os<\/h2>\n<p class=\"contact-info\">Vi er her for at hj\u00e6lpe dig 7 dage om ugen.<\/p>\n<p><strong>Kundeservice JNR Vape Frankrig<\/strong><\/p>\n<ul>\n<li>\ud83d\udce7 Email : <a href=\"mailto:info@jnrvaper.fr\">info@jnrvaper.fr<\/a> (svar inden for 24\u201348 timer)<\/li>\n<li>\ud83d\udcac Live chat: tilg\u00e6ngelig p\u00e5 hjemmesiden (ikon nederst til h\u00f8jre)<\/li>\n<li>\ud83d\udcde Telefon: +86 13110666132 (\u00e5bningstider: man\u2013fre 10\u201318)<\/li>\n<li>\ud83d\udccd Returadresse: JNR Vaper \u2013 Returservice, 13 Rue Fr\u00e9d\u00e9ric Cailliaud, Frankrig<\/li>\n<\/ul>\n<p>For sp\u00f8rgsm\u00e5l om en ordre, et produkt eller en engrosforesp\u00f8rgsel, t\u00f8v ikke!<\/p>\n<\/section>","protected":false},"excerpt":{"rendered":"<p>Kontakt os Vi er her for at hj\u00e6lpe dig 7 dage om ugen. Kundeservice JNR Vape France \ud83d\udce7 Email: info@jnrvaper.fr (svar inden for 24\u201348 timer) \ud83d\udcac Live chat:\u2026<\/p>","protected":false},"author":1,"featured_media":0,"parent":0,"menu_order":0,"comment_status":"closed","ping_status":"closed","template":"","meta":{"footnotes":""},"class_list":["post-2942","page","type-page","status-publish","hentry"],"_links":{"self":[{"href":"https:\/\/jnrvaper.fr\/da\/wp-json\/wp\/v2\/pages\/2942","targetHints":{"allow":["GET"]}}],"collection":[{"href":"https:\/\/jnrvaper.fr\/da\/wp-json\/wp\/v2\/pages"}],"about":[{"href":"https:\/\/jnrvaper.fr\/da\/wp-json\/wp\/v2\/types\/page"}],"author":[{"embeddable":true,"href":"https:\/\/jnrvaper.fr\/da\/wp-json\/wp\/v2\/users\/1"}],"replies":[{"embeddable":true,"href":"https:\/\/jnrvaper.fr\/da\/wp-json\/wp\/v2\/comments?post=2942"}],"version-history":[{"count":3,"href":"https:\/\/jnrvaper.fr\/da\/wp-json\/wp\/v2\/pages\/2942\/revisions"}],"predecessor-version":[{"id":2982,"href":"https:\/\/jnrvaper.fr\/da\/wp-json\/wp\/v2\/pages\/2942\/revisions\/2982"}],"wp:attachment":[{"href":"https:\/\/jnrvaper.fr\/da\/wp-json\/wp\/v2\/media?parent=2942"}],"curies":[{"name":"wp","href":"https:\/\/api.w.org\/{rel}","templated":true}]}}